{"id":3186,"date":"2022-03-06T10:18:19","date_gmt":"2022-03-06T09:18:19","guid":{"rendered":"https:\/\/www.pipolino.com\/?post_type=product&#038;p=3186"},"modified":"2025-11-15T05:46:55","modified_gmt":"2025-11-15T04:46:55","slug":"pipolino-s-plus","status":"publish","type":"product","link":"https:\/\/www.pipolino.com\/fr\/produit\/pipolino-s-plus\/","title":{"rendered":"Pipolino\u00ae S+"},"content":{"rendered":"\n\t<section class=\"section\" id=\"section_88909626\">\n\t\t<div class=\"section-bg fill\" >\n\t\t\t\t\t\t\t\t\t<div class=\"section-bg-overlay absolute fill\"><\/div>\n\t\t\t\n\n\t\t<\/div>\n\n\t\t\n\n\t\t<div class=\"section-content relative\">\n\t\t\t\n<div class=\"row row-collapse row-full-width align-middle\"  id=\"row-534028886\">\n\n\t<div id=\"col-250720425\" class=\"col medium-4 small-12 large-4\"  >\n\t\t\t\t<div class=\"col-inner\"  >\n\t\t\t\n\t\t\t\n\t<div class=\"img has-hover x md-x lg-x y md-y lg-y\" id=\"image_1213257097\">\n\t\t\t\t\t\t\t\t<div class=\"img-inner dark\" >\n\t\t\t<img loading=\"lazy\" decoding=\"async\" width=\"400\" height=\"400\" src=\"https:\/\/www.pipolino.com\/wp-content\/uploads\/2021\/11\/M-tricolor-interieur-1700px-400x400.jpg\" class=\"attachment-medium size-medium\" alt=\"\" srcset=\"https:\/\/www.pipolino.com\/wp-content\/uploads\/2021\/11\/M-tricolor-interieur-1700px-400x400.jpg 400w, https:\/\/www.pipolino.com\/wp-content\/uploads\/2021\/11\/M-tricolor-interieur-1700px-247x247.jpg 247w, https:\/\/www.pipolino.com\/wp-content\/uploads\/2021\/11\/M-tricolor-interieur-1700px-100x100.jpg 100w, https:\/\/www.pipolino.com\/wp-content\/uploads\/2021\/11\/M-tricolor-interieur-1700px-510x510.jpg 510w, https:\/\/www.pipolino.com\/wp-content\/uploads\/2021\/11\/M-tricolor-interieur-1700px-800x800.jpg 800w, https:\/\/www.pipolino.com\/wp-content\/uploads\/2021\/11\/M-tricolor-interieur-1700px-280x280.jpg 280w, https:\/\/www.pipolino.com\/wp-content\/uploads\/2021\/11\/M-tricolor-interieur-1700px-768x768.jpg 768w, https:\/\/www.pipolino.com\/wp-content\/uploads\/2021\/11\/M-tricolor-interieur-1700px-1536x1536.jpg 1536w, https:\/\/www.pipolino.com\/wp-content\/uploads\/2021\/11\/M-tricolor-interieur-1700px.jpg 1700w\" sizes=\"auto, (max-width: 400px) 100vw, 400px\" \/>\t\t\t\t\t\t\n\t\t\t\t\t<\/div>\n\t\t\t\t\t\t\t\t\n<style>\n#image_1213257097 {\n  width: 100%;\n}\n<\/style>\n\t<\/div>\n\t\n\t\t<\/div>\n\t\t\t\t\t<\/div>\n\n\t\n\n\t<div id=\"col-745712348\" class=\"col medium-8 small-12 large-8\"  >\n\t\t\t\t<div class=\"col-inner text-center\"  >\n\t\t\t\n\t\t\t\n<h2><span style=\"color: #00a5ff;\">PIPOLINO<sup>\u00ae<\/sup><\/span>, plus qu\u2019un jouet, une\u00a0<span style=\"color: #00a5ff;\">innovation<\/span>!<\/h2>\n<p>Notre distributeur de croquettes brevet\u00e9 est: \u00e0 d\u00e9bit ajustable, mobile, de haute qualit\u00e9, silencieux, propre, sans piles ni batteries, adapt\u00e9 \u00e0 tous les animaux de compagnie !<\/p>\n<p>PIPOLINO<sup>\u00ae<\/sup> am\u00e9liore le bien-\u00eatre de votre animal, en luttant contre la s\u00e9dentarit\u00e9, l\u2019ennui et la solitude. Ses avantages ? Meilleures sant\u00e9 et esp\u00e9rance de vie, baisse des tracas quotidiens et traitements m\u00e9dicaux..<\/p>\n<a href=\"https:\/\/fr.pipolino.com\/pipolino-detail\/\" class=\"button secondary is-outline\" style=\"border-radius:8px;\">\n\t\t<span>Plus d'information<\/span>\n\t<\/a>\n\n\t\t<\/div>\n\t\t\t\t\n<style>\n#col-745712348 > .col-inner {\n  padding: 10% 10% 10% 10%;\n}\n<\/style>\n\t<\/div>\n\n\t\n<\/div>\n\t\t<\/div>\n\n\t\t\n<style>\n#section_88909626 {\n  padding-top: 0px;\n  padding-bottom: 0px;\n  background-color: rgb(247, 247, 247);\n}\n#section_88909626 .section-bg-overlay {\n  background-color: rgba(255, 255, 255, 0.85);\n}\n<\/style>\n\t<\/section>\n\t\n","protected":false},"excerpt":{"rendered":"<p>Le Pipolino<sup>\u00ae<\/sup> est le seul appareil qui apporte en m\u00eame temps \u00e0 l\u2019animal tous les\u00a0<b>bienfaits de la nature<\/b>\u00a0dont il a besoin pour \u00eatre heureux : occupation durable, activit\u00e9 physique, ingestion lente des aliments, sans stress.<\/p>\n","protected":false},"featured_media":3424,"template":"","meta":[],"product_brand":[],"product_cat":[157],"product_tag":[151,193,152,194,155],"class_list":{"0":"post-3186","1":"product","2":"type-product","3":"status-publish","4":"has-post-thumbnail","6":"product_cat-pipolino","7":"product_tag-chat","8":"product_tag-chaton","9":"product_tag-chien","10":"product_tag-chiot","11":"product_tag-rongeur","13":"first","14":"instock","15":"taxable","16":"shipping-taxable","17":"purchasable","18":"product-type-variable"},"_links":{"self":[{"href":"https:\/\/www.pipolino.com\/fr\/wp-json\/wp\/v2\/product\/3186","targetHints":{"allow":["GET"]}}],"collection":[{"href":"https:\/\/www.pipolino.com\/fr\/wp-json\/wp\/v2\/product"}],"about":[{"href":"https:\/\/www.pipolino.com\/fr\/wp-json\/wp\/v2\/types\/product"}],"wp:featuredmedia":[{"embeddable":true,"href":"https:\/\/www.pipolino.com\/fr\/wp-json\/wp\/v2\/media\/3424"}],"wp:attachment":[{"href":"https:\/\/www.pipolino.com\/fr\/wp-json\/wp\/v2\/media?parent=3186"}],"wp:term":[{"taxonomy":"product_brand","embeddable":true,"href":"https:\/\/www.pipolino.com\/fr\/wp-json\/wp\/v2\/product_brand?post=3186"},{"taxonomy":"product_cat","embeddable":true,"href":"https:\/\/www.pipolino.com\/fr\/wp-json\/wp\/v2\/product_cat?post=3186"},{"taxonomy":"product_tag","embeddable":true,"href":"https:\/\/www.pipolino.com\/fr\/wp-json\/wp\/v2\/product_tag?post=3186"}],"curies":[{"name":"wp","href":"https:\/\/api.w.org\/{rel}","templated":true}]}}