{"id":66,"date":"2018-10-30T09:07:28","date_gmt":"2018-10-30T08:07:28","guid":{"rendered":"https:\/\/www.pipolino.com\/wordpress\/wordpress\/?page_id=66"},"modified":"2021-12-18T22:33:44","modified_gmt":"2021-12-18T21:33:44","slug":"pipolino-detail","status":"publish","type":"page","link":"https:\/\/www.pipolino.com\/fr\/pipolino-detail\/","title":{"rendered":"Pipolino?"},"content":{"rendered":"\n\n\t<section class=\"section\" id=\"section_401906741\">\n\t\t<div class=\"section-bg fill\" >\n\t\t\t\t\t\t\t\t\t\n\t\t\t\n\n\t\t<\/div>\n\n\t\t\n\n\t\t<div class=\"section-content relative\">\n\t\t\t\n\n<div class=\"row\"  id=\"row-1376223376\">\n\n\n\t<div id=\"col-587832641\" class=\"col small-12 large-12\"  >\n\t\t\t\t<div class=\"col-inner\" style=\"background-color:rgb(255, 255, 255);\" >\n\t\t\t\n\t\t\t\n\n<div class=\"row row-large\"  id=\"row-450545106\">\n\n\n\t<div id=\"col-44616844\" class=\"col medium-4 small-12 large-4\"  >\n\t\t\t\t<div class=\"col-inner\"  >\n\t\t\t\n\t\t\t\n\n\t<div class=\"img has-hover circle x md-x lg-x y md-y lg-y\" id=\"image_1418222669\">\n\t\t\t\t\t\t\t\t<div class=\"img-inner dark\" >\n\t\t\t<img loading=\"lazy\" decoding=\"async\" width=\"800\" height=\"800\" src=\"https:\/\/www.pipolino.com\/wp-content\/uploads\/2021\/11\/M-tricolor-interieur-1700px-800x800.jpg\" class=\"attachment-large size-large\" alt=\"\" srcset=\"https:\/\/www.pipolino.com\/wp-content\/uploads\/2021\/11\/M-tricolor-interieur-1700px-800x800.jpg 800w, https:\/\/www.pipolino.com\/wp-content\/uploads\/2021\/11\/M-tricolor-interieur-1700px-247x247.jpg 247w, https:\/\/www.pipolino.com\/wp-content\/uploads\/2021\/11\/M-tricolor-interieur-1700px-100x100.jpg 100w, https:\/\/www.pipolino.com\/wp-content\/uploads\/2021\/11\/M-tricolor-interieur-1700px-510x510.jpg 510w, https:\/\/www.pipolino.com\/wp-content\/uploads\/2021\/11\/M-tricolor-interieur-1700px-400x400.jpg 400w, https:\/\/www.pipolino.com\/wp-content\/uploads\/2021\/11\/M-tricolor-interieur-1700px-280x280.jpg 280w, https:\/\/www.pipolino.com\/wp-content\/uploads\/2021\/11\/M-tricolor-interieur-1700px-768x768.jpg 768w, https:\/\/www.pipolino.com\/wp-content\/uploads\/2021\/11\/M-tricolor-interieur-1700px-1536x1536.jpg 1536w, https:\/\/www.pipolino.com\/wp-content\/uploads\/2021\/11\/M-tricolor-interieur-1700px.jpg 1700w\" sizes=\"auto, (max-width: 800px) 100vw, 800px\" \/>\t\t\t\t\t\t\n\t\t\t\t\t<\/div>\n\t\t\t\t\t\t\t\t\n<style>\n#image_1418222669 {\n  width: 100%;\n}\n<\/style>\n\t<\/div>\n\t\n\n\n\t\t<\/div>\n\t\t\t\t\n<style>\n#col-44616844 > .col-inner {\n  padding: 15px 0px 0px 0px;\n}\n<\/style>\n\t<\/div>\n\n\t\n\n\t<div id=\"col-1635956686\" class=\"col medium-8 small-12 large-8\"  >\n\t\t\t\t<div class=\"col-inner\"  >\n\t\t\t\n\t\t\t\n\n<div class=\"row row-collapse\"  id=\"row-1034164855\">\n\n\n\t<div id=\"col-1980432570\" class=\"col medium-2 small-12 large-2\"  data-animate=\"bounceInUp\">\n\t\t\t\t<div class=\"col-inner\"  >\n\t\t\t\n\t\t\t\n\n\n\t\t<div class=\"icon-box featured-box icon-box-left text-left\"  >\n\t\t\t\t\t<div class=\"icon-box-img\" style=\"width: 60px\">\n\t\t\t\t<div class=\"icon\">\n\t\t\t\t\t<div class=\"icon-inner\" >\n\t\t\t\t\t\t<svg aria-hidden=\"true\" focusable=\"false\" data-prefix=\"fas\" data-icon=\"quote-right\" class=\"svg-inline--fa fa-quote-right fa-w-16\" role=\"img\" xmlns=\"http:\/\/www.w3.org\/2000\/svg\" viewBox=\"0 0 512 512\"><path fill=\"currentColor\" d=\"M464 32H336c-26.5 0-48 21.5-48 48v128c0 26.5 21.5 48 48 48h80v64c0 35.3-28.7 64-64 64h-8c-13.3 0-24 10.7-24 24v48c0 13.3 10.7 24 24 24h8c88.4 0 160-71.6 160-160V80c0-26.5-21.5-48-48-48zm-288 0H48C21.5 32 0 53.5 0 80v128c0 26.5 21.5 48 48 48h80v64c0 35.3-28.7 64-64 64h-8c-13.3 0-24 10.7-24 24v48c0 13.3 10.7 24 24 24h8c88.4 0 160-71.6 160-160V80c0-26.5-21.5-48-48-48z\"><\/path><\/svg>\t\t\t\t\t<\/div>\n\t\t\t\t<\/div>\n\t\t\t<\/div>\n\t\t\t\t<div class=\"icon-box-text last-reset\">\n\t\t\t\t\t\t\t\t\t\n\n\n\t\t<\/div>\n\t<\/div>\n\t\n\t\n\n\t\t<\/div>\n\t\t\t\t\n<style>\n#col-1980432570 > .col-inner {\n  margin: 0px 0px 0 0px;\n}\n<\/style>\n\t<\/div>\n\n\t\n\n\t<div id=\"col-1258040442\" class=\"col medium-8 small-12 large-8\"  data-animate=\"bounceInUp\">\n\t\t\t\t<div class=\"col-inner\"  >\n\t\t\t\n\t\t\t\n\n\t<div id=\"text-4132529297\" class=\"text\">\n\t\t\n\n<h1><span style=\"color: #00a5ff;\"><strong>PIPOLINO<sup>\u00ae<\/sup><\/strong><\/span>, <br \/>plus qu&rsquo;un jouet, une <strong><span style=\"color: #00a5ff;\">innovation<\/span><\/strong>!<\/h1>\n\t\t\n<style>\n#text-4132529297 {\n  text-align: center;\n}\n<\/style>\n\t<\/div>\n\t\n\n\t\t<\/div>\n\t\t\t\t\t<\/div>\n\n\t\n\n\t<div id=\"col-174403615\" class=\"col medium-2 small-12 large-2\"  data-animate=\"bounceInUp\">\n\t\t\t\t<div class=\"col-inner\"  >\n\t\t\t\n\t\t\t\n\n\n\t\t<div class=\"icon-box featured-box icon-box-right text-right\"  >\n\t\t\t\t\t<div class=\"icon-box-img\" style=\"width: 60px\">\n\t\t\t\t<div class=\"icon\">\n\t\t\t\t\t<div class=\"icon-inner\" >\n\t\t\t\t\t\t<svg aria-hidden=\"true\" focusable=\"false\" data-prefix=\"fas\" data-icon=\"quote-left\" class=\"svg-inline--fa fa-quote-left fa-w-16\" role=\"img\" xmlns=\"http:\/\/www.w3.org\/2000\/svg\" viewBox=\"0 0 512 512\"><path fill=\"currentColor\" d=\"M464 256h-80v-64c0-35.3 28.7-64 64-64h8c13.3 0 24-10.7 24-24V56c0-13.3-10.7-24-24-24h-8c-88.4 0-160 71.6-160 160v240c0 26.5 21.5 48 48 48h128c26.5 0 48-21.5 48-48V304c0-26.5-21.5-48-48-48zm-288 0H96v-64c0-35.3 28.7-64 64-64h8c13.3 0 24-10.7 24-24V56c0-13.3-10.7-24-24-24h-8C71.6 32 0 103.6 0 192v240c0 26.5 21.5 48 48 48h128c26.5 0 48-21.5 48-48V304c0-26.5-21.5-48-48-48z\"><\/path><\/svg>\t\t\t\t\t<\/div>\n\t\t\t\t<\/div>\n\t\t\t<\/div>\n\t\t\t\t<div class=\"icon-box-text last-reset\">\n\t\t\t\t\t\t\t\t\t\n\n\n\t\t<\/div>\n\t<\/div>\n\t\n\t\n\n\t\t<\/div>\n\t\t\t\t\t<\/div>\n\n\t\n\n<\/div>\n<p>Notre distributeur de croquettes brevet\u00e9 est:\u00a0 \u00e0 d\u00e9bit ajustable, mobile, de haute qualit\u00e9, silencieux, propre, sans piles ni batteries, <strong>adapt\u00e9 \u00e0 tous les animaux de compagnie<\/strong> !<\/p>\n<p><strong><span style=\"color: #00a5ff;\">PIPOLINO<sup>\u00ae<\/sup><\/span><\/strong> am\u00e9liore le <strong>bien-\u00eatre de votre animal<\/strong>, en luttant contre la s\u00e9dentarit\u00e9, l&rsquo;ennui et la solitude.<\/p>\n<p><strong>Ses avantages ?<\/strong> <strong>Meilleures sant\u00e9 et esp\u00e9rance de vie<\/strong>, baisse des tracas quotidiens et traitements m\u00e9dicaux.<\/p>\n\n\t\t<\/div>\n\t\t\t\t\t<\/div>\n\n\t\n\n<\/div>\n\n\t\t<\/div>\n\t\t\t\t\t<\/div>\n\n\t\n\n\n<style>\n#row-1376223376 > .col > .col-inner {\n  padding: 30px 30px 30px 30px;\n}\n@media (min-width:550px) {\n  #row-1376223376 > .col > .col-inner {\n    padding: 50px 50px 30px 50px;\n  }\n}\n<\/style>\n<\/div>\n\n\t\t<\/div>\n\n\t\t\n<style>\n#section_401906741 {\n  padding-top: 80px;\n  padding-bottom: 80px;\n  background-color: rgb(246, 246, 246);\n}\n<\/style>\n\t<\/section>\n\t\n\n\t<section class=\"section dark\" id=\"section_137695702\">\n\t\t<div class=\"section-bg fill\" >\n\t\t\t<img loading=\"lazy\" decoding=\"async\" width=\"1273\" height=\"716\" src=\"https:\/\/www.pipolino.com\/wp-content\/uploads\/2021\/05\/VideoPipolinoS.jpg\" class=\"bg attachment- size-\" alt=\"\" \/>\t\t\t\t\t\t<div class=\"section-bg-overlay absolute fill\"><\/div>\n\t\t\t\n\n\t\t<\/div>\n\n\t\t\n\n\t\t<div class=\"section-content relative\">\n\t\t\t\n\n\t<div id=\"gap-110319229\" class=\"gap-element clearfix\" style=\"display:block; height:auto;\">\n\t\t\n<style>\n#gap-110319229 {\n  padding-top: 50px;\n}\n<\/style>\n\t<\/div>\n\t\n\n<div class=\"row align-center\"  id=\"row-752647088\">\n\n\n\t<div id=\"col-1374243241\" class=\"col medium-9 small-12 large-6\"  >\n\t\t\t\t<div class=\"col-inner text-center\"  >\n\t\t\t\n\t\t\t\n\n<h6>UN PETIT APER\u00c7U<\/h6>\n\t<div id=\"text-741221578\" class=\"text\">\n\t\t\n\n<h2>PIPOLINO<sup>\u00ae<\/sup><br \/>en pleine action<\/h2>\n\t\t\n<style>\n#text-741221578 {\n  font-size: 2rem;\n}\n<\/style>\n\t<\/div>\n\t\n<div class=\"video-button-wrapper\"><a href=\"https:\/\/www.youtube.com\/watch?v=66cynI7eKlQ\" class=\"button open-video icon circle is-outline is-xlarge\" role=\"button\" aria-label=\"Open video in lightbox\" data-flatsome-role-button><i class=\"icon-play\" aria-hidden=\"true\" style=\"font-size:1.5em;\"><\/i><\/a><\/div>\n\n\n\t\t<\/div>\n\t\t\t\t\t<\/div>\n\n\t\n\n<\/div>\n\n\t\t<\/div>\n\n\t\t\n<style>\n#section_137695702 {\n  padding-top: 30px;\n  padding-bottom: 30px;\n  min-height: 400px;\n}\n#section_137695702 .section-bg-overlay {\n  background-color: rgba(0, 0, 0, 0.3);\n}\n#section_137695702 .section-bg img {\n  object-position: 64% 37%;\n}\n@media (min-width:550px) {\n  #section_137695702 {\n    min-height: 500px;\n  }\n}\n<\/style>\n\t<\/section>\n\t\n<div class=\"row row-collapse row-full-width\"  id=\"row-2014685729\">\n\n\n\t<div id=\"col-1272189643\" class=\"col small-12 large-12\"  >\n\t\t\t\t<div class=\"col-inner\"  >\n\t\t\t\n\t\t\t\n\n\t<div id=\"gap-72348638\" class=\"gap-element clearfix\" style=\"display:block; height:auto;\">\n\t\t\n<style>\n#gap-72348638 {\n  padding-top: 70px;\n}\n<\/style>\n\t<\/div>\n\t\n\n<div class=\"row row-collapse\"  id=\"row-547393001\">\n\n\n\t<div id=\"col-237592093\" class=\"col small-12 large-12\"  >\n\t\t\t\t<div class=\"col-inner\"  >\n\t\t\t\n\t\t\t\n\n<div class=\"row row-small\"  id=\"row-1802733207\">\n\n\n\t<div id=\"col-951081705\" class=\"col medium-3 small-12 large-3\"  >\n\t\t\t\t<div class=\"col-inner\"  >\n\t\t\t\n\t\t\t\n\n\n\t<section class=\"section dark\" id=\"section_1341624984\">\n\t\t<div class=\"section-bg fill\" >\n\t\t\t<img loading=\"lazy\" decoding=\"async\" width=\"1500\" height=\"997\" src=\"https:\/\/www.pipolino.com\/wp-content\/uploads\/2021\/12\/pipolinoXL-berger-allemand.jpg\" class=\"bg attachment- size-\" alt=\"\" \/>\t\t\t\t\t\t<div class=\"section-bg-overlay absolute fill\"><\/div>\n\t\t\t\n\n\t\t<\/div>\n\n\t\t\n\n\t\t<div class=\"section-content relative\">\n\t\t\t\n\n\t<div id=\"gap-1169187214\" class=\"gap-element clearfix\" style=\"display:block; height:auto;\">\n\t\t\n<style>\n#gap-1169187214 {\n  padding-top: 35px;\n}\n<\/style>\n\t<\/div>\n\t\n\n<div class=\"row\"  id=\"row-1166431912\">\n\n\n\t<div id=\"col-720026840\" class=\"col small-12 large-12\"  >\n\t\t\t\t<div class=\"col-inner text-center\"  >\n\t\t\t\n\t\t\t\n\n\t<div id=\"text-2894631440\" class=\"text\">\n\t\t\n\n<h3>Pourquoi Pipolino\u00ae ?<\/h3>\n\t\t\n<style>\n#text-2894631440 {\n  font-size: 1.75rem;\n}\n<\/style>\n\t<\/div>\n\t\n<p>D\u00e9couvrez les raisons d\u2019acqu\u00e9rir un Pipolino\u00ae pour votre animal de compagnie.<\/p>\n<a href=\"https:\/\/fr.pipolino.com\/pipolino-detail\/pourquoipipolino\/\" class=\"button primary is-small\" >\n\t\t<span>En savoir plus<\/span>\n\t<\/a>\n\n\n\n\t\t<\/div>\n\t\t\t\t\t<\/div>\n\n\t\n\n<\/div>\n\n\t\t<\/div>\n\n\t\t\n<style>\n#section_1341624984 {\n  padding-top: 30px;\n  padding-bottom: 30px;\n  min-height: 300px;\n}\n#section_1341624984 .section-bg-overlay {\n  background-color: rgba(0,0,0,.5);\n}\n@media (min-width:550px) {\n  #section_1341624984 {\n    min-height: 500px;\n  }\n}\n<\/style>\n\t<\/section>\n\t\n\n\t\t<\/div>\n\t\t\t\t\t<\/div>\n\n\t\n\n\t<div id=\"col-928648976\" class=\"col medium-3 small-12 large-3\"  >\n\t\t\t\t<div class=\"col-inner\"  >\n\t\t\t\n\t\t\t\n\n\n\t<section class=\"section dark\" id=\"section_1001394466\">\n\t\t<div class=\"section-bg fill\" >\n\t\t\t\t\t\t\t\t\t<div class=\"section-bg-overlay absolute fill\"><\/div>\n\t\t\t\n\n\t\t<\/div>\n\n\t\t\n\n\t\t<div class=\"section-content relative\">\n\t\t\t\n\n\t<div id=\"gap-1646724337\" class=\"gap-element clearfix\" style=\"display:block; height:auto;\">\n\t\t\n<style>\n#gap-1646724337 {\n  padding-top: 35px;\n}\n<\/style>\n\t<\/div>\n\t\n\n<div class=\"row\"  id=\"row-224702018\">\n\n\n\t<div id=\"col-2002733757\" class=\"col small-12 large-12\"  >\n\t\t\t\t<div class=\"col-inner text-center\"  >\n\t\t\t\n\t\t\t\n\n\t<div id=\"text-1708737104\" class=\"text\">\n\t\t\n\n<h3>Quel mod\u00e8le ?<\/h3>\n\t\t\n<style>\n#text-1708737104 {\n  font-size: 1.75rem;\n}\n<\/style>\n\t<\/div>\n\t\n<p>Quelques conseils pour bien choisir le mod\u00e8le adapt\u00e9.<\/p>\n<a href=\"https:\/\/fr.pipolino.com\/pipolino-detail\/quel-modele\/\" class=\"button primary is-small\" >\n\t\t<span>En savoir plus<\/span>\n\t<\/a>\n\n\n\n\t\t<\/div>\n\t\t\t\t\t<\/div>\n\n\t\n\n<\/div>\n\n\t\t<\/div>\n\n\t\t\n<style>\n#section_1001394466 {\n  padding-top: 30px;\n  padding-bottom: 30px;\n  min-height: 300px;\n}\n#section_1001394466 .section-bg-overlay {\n  background-color: rgba(0,0,0,.5);\n}\n#section_1001394466 .section-bg img {\n  object-position: 49% 46%;\n}\n@media (min-width:550px) {\n  #section_1001394466 {\n    min-height: 500px;\n  }\n}\n<\/style>\n\t<\/section>\n\t\n\n\t\t<\/div>\n\t\t\t\t\t<\/div>\n\n\t\n\n\t<div id=\"col-1110486345\" class=\"col medium-3 small-12 large-3\"  >\n\t\t\t\t<div class=\"col-inner\"  >\n\t\t\t\n\t\t\t\n\n\n\t<section class=\"section dark\" id=\"section_1332416109\">\n\t\t<div class=\"section-bg fill\" >\n\t\t\t<img loading=\"lazy\" decoding=\"async\" width=\"1920\" height=\"1275\" src=\"https:\/\/www.pipolino.com\/wp-content\/uploads\/2021\/12\/europe-g33c127afc_1920.jpg\" class=\"bg attachment- size-\" alt=\"\" \/>\t\t\t\t\t\t<div class=\"section-bg-overlay absolute fill\"><\/div>\n\t\t\t\n\n\t\t<\/div>\n\n\t\t\n\n\t\t<div class=\"section-content relative\">\n\t\t\t\n\n\t<div id=\"gap-1844018732\" class=\"gap-element clearfix\" style=\"display:block; height:auto;\">\n\t\t\n<style>\n#gap-1844018732 {\n  padding-top: 35px;\n}\n<\/style>\n\t<\/div>\n\t\n\n<div class=\"row\"  id=\"row-1969653586\">\n\n\n\t<div id=\"col-1462762674\" class=\"col small-12 large-12\"  >\n\t\t\t\t<div class=\"col-inner text-center\"  >\n\t\t\t\n\t\t\t\n\n\t<div id=\"text-2399748525\" class=\"text\">\n\t\t\n\n<h3>O\u00f9 nous trouver?<\/h3>\n\t\t\n<style>\n#text-2399748525 {\n  font-size: 1.75rem;\n}\n<\/style>\n\t<\/div>\n\t\n<p>D\u00e9couvrez la liste de nos principaux distributeurs par pays.<\/p>\n<a href=\"https:\/\/fr.pipolino.com\/pipolino-detail\/nous-trouver\/\" class=\"button primary is-small\" >\n\t\t<span>En savoir plus<\/span>\n\t<\/a>\n\n\n\n\t\t<\/div>\n\t\t\t\t\t<\/div>\n\n\t\n\n<\/div>\n\n\t\t<\/div>\n\n\t\t\n<style>\n#section_1332416109 {\n  padding-top: 30px;\n  padding-bottom: 30px;\n  min-height: 300px;\n}\n#section_1332416109 .section-bg-overlay {\n  background-color: rgba(0,0,0,.5);\n}\n#section_1332416109 .section-bg img {\n  object-position: 47% 64%;\n}\n@media (min-width:550px) {\n  #section_1332416109 {\n    min-height: 500px;\n  }\n}\n<\/style>\n\t<\/section>\n\t\n\n\t\t<\/div>\n\t\t\t\t\t<\/div>\n\n\t\n\n\t<div id=\"col-781956113\" class=\"col medium-3 small-12 large-3\"  >\n\t\t\t\t<div class=\"col-inner\"  >\n\t\t\t\n\t\t\t\n\n\n\t<section class=\"section dark\" id=\"section_851354246\">\n\t\t<div class=\"section-bg fill\" >\n\t\t\t<img loading=\"lazy\" decoding=\"async\" width=\"1920\" height=\"1276\" src=\"https:\/\/www.pipolino.com\/wp-content\/uploads\/2021\/12\/books-g5e06ce934_1920.jpg\" class=\"bg attachment- size-\" alt=\"\" \/>\t\t\t\t\t\t<div class=\"section-bg-overlay absolute fill\"><\/div>\n\t\t\t\n\n\t\t<\/div>\n\n\t\t\n\n\t\t<div class=\"section-content relative\">\n\t\t\t\n\n\t<div id=\"gap-1086383899\" class=\"gap-element clearfix\" style=\"display:block; height:auto;\">\n\t\t\n<style>\n#gap-1086383899 {\n  padding-top: 35px;\n}\n<\/style>\n\t<\/div>\n\t\n\n<div class=\"row\"  id=\"row-1669981887\">\n\n\n\t<div id=\"col-1334919294\" class=\"col small-12 large-12\"  >\n\t\t\t\t<div class=\"col-inner text-center\"  >\n\t\t\t\n\t\t\t\n\n\t<div id=\"text-415412190\" class=\"text\">\n\t\t\n\n<h3>Mode d\u2019emploi<\/h3>\n\t\t\n<style>\n#text-415412190 {\n  font-size: 1.75rem;\n}\n<\/style>\n\t<\/div>\n\t\n<p>Quelques conseils pour bien utiliser le Pipolino\u00ae.<\/p>\n<a href=\"https:\/\/fr.pipolino.com\/mode-demploi\/\" class=\"button primary is-small\" >\n\t\t<span>En savoir plus<\/span>\n\t<\/a>\n\n\n\n\t\t<\/div>\n\t\t\t\t\t<\/div>\n\n\t\n\n<\/div>\n\n\t\t<\/div>\n\n\t\t\n<style>\n#section_851354246 {\n  padding-top: 30px;\n  padding-bottom: 30px;\n  min-height: 300px;\n}\n#section_851354246 .section-bg-overlay {\n  background-color: rgba(0,0,0,.5);\n}\n#section_851354246 .section-bg img {\n  object-position: 55% 50%;\n}\n@media (min-width:550px) {\n  #section_851354246 {\n    min-height: 500px;\n  }\n}\n<\/style>\n\t<\/section>\n\t\n\n\t\t<\/div>\n\t\t\t\t\t<\/div>\n\n\t\n\n<\/div>\n\n\t\t<\/div>\n\t\t\t\t\t<\/div>\n\n\t\n\n<\/div>\n\t<div id=\"gap-104649854\" class=\"gap-element clearfix\" style=\"display:block; height:auto;\">\n\t\t\n<style>\n#gap-104649854 {\n  padding-top: 55px;\n}\n<\/style>\n\t<\/div>\n\t\n\n\n\t\t<\/div>\n\t\t\t\t\t<\/div>\n\n\t\n\n\n<style>\n#row-2014685729 > .col > .col-inner {\n  background-color: rgb(255, 255, 255);\n}\n<\/style>\n<\/div>\n\n\t<section class=\"section\" id=\"section_108648453\">\n\t\t<div class=\"section-bg fill\" >\n\t\t\t<img loading=\"lazy\" decoding=\"async\" width=\"1920\" height=\"1280\" src=\"https:\/\/www.pipolino.com\/wp-content\/uploads\/2018\/10\/Chaton-heureux.jpg\" class=\"bg attachment- size-\" alt=\"\" \/>\t\t\t\t\t\t<div class=\"section-bg-overlay absolute fill\"><\/div>\n\t\t\t\n\n\t\t<\/div>\n\n\t\t\n\n\t\t<div class=\"section-content relative\">\n\t\t\t\n\n<div class=\"row\"  id=\"row-1085023823\">\n\n\n\t<div id=\"col-1686540639\" class=\"col medium-4 small-12 large-4\"  >\n\t\t\t\t<div class=\"col-inner\"  >\n\t\t\t\n\t\t\t\n\n\n\t\t<\/div>\n\t\t\t\t\t<\/div>\n\n\t\n\n\t<div id=\"col-1963514875\" class=\"col medium-12 small-12 large-8\"  >\n\t\t\t\t<div class=\"col-inner\"  >\n\t\t\t\n\t\t\t\n\n\t<div id=\"gap-1310766438\" class=\"gap-element clearfix\" style=\"display:block; height:auto;\">\n\t\t\n<style>\n#gap-1310766438 {\n  padding-top: 30px;\n}\n<\/style>\n\t<\/div>\n\t\n\n\t<div id=\"text-1002118323\" class=\"text\">\n\t\t\n\n<h2>Votre animal de compagnie : <span style=\"color: #00a5ff;\">heureux<\/span> et en <span style=\"color: #ff008c;\">bonne sant\u00e9<\/span>!<\/h2>\n\t\t\n<style>\n#text-1002118323 {\n  font-size: 1.65rem;\n  text-align: center;\n}\n@media (min-width:850px) {\n  #text-1002118323 {\n    text-align: center;\n  }\n}\n<\/style>\n\t<\/div>\n\t\n\n\t\t<\/div>\n\t\t\t\t\n<style>\n#col-1963514875 > .col-inner {\n  padding: 0px 0px 0px 0;\n}\n@media (min-width:550px) {\n  #col-1963514875 > .col-inner {\n    padding: 0px 10% 0px 10%;\n  }\n}\n<\/style>\n\t<\/div>\n\n\t\n\n<\/div>\n\n\t\t<\/div>\n\n\t\t\n<style>\n#section_108648453 {\n  padding-top: 30px;\n  padding-bottom: 30px;\n  min-height: 500px;\n}\n#section_108648453 .section-bg-overlay {\n  background-color: rgba(255,255,255,.5);\n}\n#section_108648453 .section-bg img {\n  object-position: 100% 28%;\n}\n<\/style>\n\t<\/section>\n\t\n\n","protected":false},"excerpt":{"rendered":"","protected":false},"author":1,"featured_media":2634,"parent":0,"menu_order":0,"comment_status":"closed","ping_status":"closed","template":"page-blank.php","meta":{"footnotes":""},"class_list":["post-66","page","type-page","status-publish","has-post-thumbnail","hentry"],"_links":{"self":[{"href":"https:\/\/www.pipolino.com\/fr\/wp-json\/wp\/v2\/pages\/66","targetHints":{"allow":["GET"]}}],"collection":[{"href":"https:\/\/www.pipolino.com\/fr\/wp-json\/wp\/v2\/pages"}],"about":[{"href":"https:\/\/www.pipolino.com\/fr\/wp-json\/wp\/v2\/types\/page"}],"author":[{"embeddable":true,"href":"https:\/\/www.pipolino.com\/fr\/wp-json\/wp\/v2\/users\/1"}],"replies":[{"embeddable":true,"href":"https:\/\/www.pipolino.com\/fr\/wp-json\/wp\/v2\/comments?post=66"}],"version-history":[{"count":0,"href":"https:\/\/www.pipolino.com\/fr\/wp-json\/wp\/v2\/pages\/66\/revisions"}],"wp:featuredmedia":[{"embeddable":true,"href":"https:\/\/www.pipolino.com\/fr\/wp-json\/wp\/v2\/media\/2634"}],"wp:attachment":[{"href":"https:\/\/www.pipolino.com\/fr\/wp-json\/wp\/v2\/media?parent=66"}],"curies":[{"name":"wp","href":"https:\/\/api.w.org\/{rel}","templated":true}]}}