{"id":3516,"date":"2022-04-21T22:10:41","date_gmt":"2022-04-21T20:10:41","guid":{"rendered":"https:\/\/www.pipolino.com\/?page_id=3516"},"modified":"2025-05-30T10:57:11","modified_gmt":"2025-05-30T08:57:11","slug":"faq-yoyolino","status":"publish","type":"page","link":"https:\/\/www.pipolino.com\/fr\/mode-demploi\/faq-yoyolino\/","title":{"rendered":"FAQ pour le Yoyolino\u00ae"},"content":{"rendered":"\n<div class=\"row\"  id=\"row-605398448\">\n\n\n\t<div id=\"col-803783094\" class=\"col small-12 large-12\"  >\n\t\t\t\t<div class=\"col-inner\"  >\n\t\t\t\n\t\t\t\n\n<div class=\"container section-title-container\" ><h3 class=\"section-title section-title-normal\"><b aria-hidden=\"true\"><\/b><span class=\"section-title-main\" >Utilisation<\/span><b aria-hidden=\"true\"><\/b><\/h3><\/div>\n\n<div class=\"accordion\">\n\n\t<div id=\"accordion-1066337722\" class=\"accordion-item\">\n\t\t<a id=\"accordion-1066337722-label\" class=\"accordion-title plain\" href=\"#accordion-item-mon-chien-enjambe-la-sangle-de-contention.-le-harnais-glisse-sur-le-c\u00f4t\u00e9.-le-gros-enrouleur-remonte-sous-le-cou-pendant-la-promenade.\" aria-expanded=\"false\" aria-controls=\"accordion-1066337722-content\">\n\t\t\t<button class=\"toggle\" aria-label=\"Basculer\"><i class=\"icon-angle-down\" aria-hidden=\"true\"><\/i><\/button>\n\t\t\t<span>Mon chien enjambe la sangle de contention. Le harnais glisse sur le c\u00f4t\u00e9. Le gros enrouleur remonte sous le cou pendant la promenade.<\/span>\n\t\t<\/a>\n\t\t<div id=\"accordion-1066337722-content\" class=\"accordion-inner\" aria-labelledby=\"accordion-1066337722-label\">\n\t\t\t\n\n<p><strong>Causes\u00a0: Le harnais est positionn\u00e9 trop loin du cou et les sangles du harnais ne sont pas suffisamment tendues<\/strong><strong>.<\/strong><\/p>\n<p><strong>Solution\u00a0<\/strong>:<\/p>\n<ul>\n<li>Glisser la plaque du harnais vers l\u2019avant pr\u00e8s du cou<\/li>\n<li>Retendre la sangle du harnais autour du cou, puis celle du ventre<\/li>\n<li>Ajuster la sangle de contention (environ 5 cm au-dessus du pli des coudes)<\/li>\n<\/ul>\n\n\t\t<\/div>\n\t<\/div>\n\t\n\t<div id=\"accordion-533914500\" class=\"accordion-item\">\n\t\t<a id=\"accordion-533914500-label\" class=\"accordion-title plain\" href=\"#accordion-item-le-cordon-du-petit-enrouleur-ne-s\u2019enroule-pas-compl\u00e8tement-pendant-la-promenade\" aria-expanded=\"false\" aria-controls=\"accordion-533914500-content\">\n\t\t\t<button class=\"toggle\" aria-label=\"Basculer\"><i class=\"icon-angle-down\" aria-hidden=\"true\"><\/i><\/button>\n\t\t\t<span>Le cordon du petit enrouleur ne s\u2019enroule pas compl\u00e8tement pendant la promenade<\/span>\n\t\t<\/a>\n\t\t<div id=\"accordion-533914500-content\" class=\"accordion-inner\" aria-labelledby=\"accordion-533914500-label\">\n\t\t\t\n\n<p><strong>Causes: le Harnais est positionn\u00e9 en arri\u00e8re du garrot et la laisse est trop lourde<\/strong><\/p>\n<p><strong>Solution: <\/strong><\/p>\n<ul>\n<li>Glisser la plaque du harnais vers l\u2019avant pr\u00e8s du cou<\/li>\n<li>Retendre la sangle du harnais autour du cou, puis celle du ventre<\/li>\n<li>Ajuster la sangle de contention (environ 5 cm au-dessus du pli des coudes)<\/li>\n<li>Raccourcir la laisse, ou utiliser une laisse plus l\u00e9g\u00e8re<\/li>\n<\/ul>\n\n\t\t<\/div>\n\t<\/div>\n\t\n\t<div id=\"accordion-3277664442\" class=\"accordion-item\">\n\t\t<a id=\"accordion-3277664442-label\" class=\"accordion-title plain\" href=\"#accordion-item-la-sangle-du-gros-enrouleur-est-bloqu\u00e9e\" aria-expanded=\"false\" aria-controls=\"accordion-3277664442-content\">\n\t\t\t<button class=\"toggle\" aria-label=\"Basculer\"><i class=\"icon-angle-down\" aria-hidden=\"true\"><\/i><\/button>\n\t\t\t<span>La sangle du gros enrouleur est bloqu\u00e9e<\/span>\n\t\t<\/a>\n\t\t<div id=\"accordion-3277664442-content\" class=\"accordion-inner\" aria-labelledby=\"accordion-3277664442-label\">\n\t\t\t\n\n<p><strong>Cause: La sangle s\u2019est enroul\u00e9e de travers<\/strong><\/p>\n<p><strong>Solution: <\/strong><\/p>\n<ul>\n<li>Tirer sur l\u2019une des sangles qui sortent de l\u2019enrouleur, puis sur l\u2019autre, tout en maintenant l\u2019appui sur le bouton de d\u00e9brayage<\/li>\n<li>Lors des r\u00e9glages ult\u00e9rieurs, maintenir l\u2019enrouleur dans l\u2019axe de la sangle de contention<\/li>\n<\/ul>\n\n\t\t<\/div>\n\t<\/div>\n\t\n\t<div id=\"accordion-1211350497\" class=\"accordion-item\">\n\t\t<a id=\"accordion-1211350497-label\" class=\"accordion-title plain\" href=\"#accordion-item-le-yoyolino\u00ae-sp-convient-il-\u00e0-tous-les-chiens,-quels-que-soit-leur-taille-ou-leur-poids-?\" aria-expanded=\"false\" aria-controls=\"accordion-1211350497-content\">\n\t\t\t<button class=\"toggle\" aria-label=\"Basculer\"><i class=\"icon-angle-down\" aria-hidden=\"true\"><\/i><\/button>\n\t\t\t<span>Le Yoyolino\u00ae SP convient-il \u00e0 tous les chiens, quels que soit leur taille ou leur poids ?<\/span>\n\t\t<\/a>\n\t\t<div id=\"accordion-1211350497-content\" class=\"accordion-inner\" aria-labelledby=\"accordion-1211350497-label\">\n\t\t\t\n\n<p>Le Yoyolino\u00ae SP est pr\u00e9vu pour se r\u00e9gler au gabarit des chiens de 5 Kg \u00e0 plus de 80 Kg (sangles G + H : 175 cm max.).<\/p>\n<p>Au-dessus de l&rsquo;une de cette mesure, demander au SAV une extension gratuite.<\/p>\n\n\t\t<\/div>\n\t<\/div>\n\t\n\t<div id=\"accordion-3653582701\" class=\"accordion-item\">\n\t\t<a id=\"accordion-3653582701-label\" class=\"accordion-title plain\" href=\"#accordion-item-l&#039;enfant-accompagn\u00e9-d&#039;un-adulte-peut-il-se-servir-du-yoyolino\u00ae-sp-?\" aria-expanded=\"false\" aria-controls=\"accordion-3653582701-content\">\n\t\t\t<button class=\"toggle\" aria-label=\"Basculer\"><i class=\"icon-angle-down\" aria-hidden=\"true\"><\/i><\/button>\n\t\t\t<span>L'enfant accompagn\u00e9 d'un adulte peut-il se servir du Yoyolino\u00ae SP ?<\/span>\n\t\t<\/a>\n\t\t<div id=\"accordion-3653582701-content\" class=\"accordion-inner\" aria-labelledby=\"accordion-3653582701-label\">\n\t\t\t\n\n<p style=\"font-weight: 400;\">Oui, uniquement en pr\u00e9sence de ses parents, sous leur responsabilit\u00e9\u00a0et dans le respect du mode d\u2019emploi.<\/p>\n<p style=\"font-weight: 400;\">La laisse doit \u00eatre maintenue courte, afin d\u2019\u00e9viter un brusque \u00e9lan du chien, susceptible de d\u00e9cupler sa force de traction au-del\u00e0 des capacit\u00e9s de contention.<\/p>\n\n\t\t<\/div>\n\t<\/div>\n\t\n\t<div id=\"accordion-3682648774\" class=\"accordion-item\">\n\t\t<a id=\"accordion-3682648774-label\" class=\"accordion-title plain\" href=\"#accordion-item-le-yoyolino\u00ae-sp-convient-il-pour-un-chien-au-comportement-destructeur-?\" aria-expanded=\"false\" aria-controls=\"accordion-3682648774-content\">\n\t\t\t<button class=\"toggle\" aria-label=\"Basculer\"><i class=\"icon-angle-down\" aria-hidden=\"true\"><\/i><\/button>\n\t\t\t<span>Le Yoyolino\u00ae SP convient-il pour un chien au comportement destructeur ?<\/span>\n\t\t<\/a>\n\t\t<div id=\"accordion-3682648774-content\" class=\"accordion-inner\" aria-labelledby=\"accordion-3682648774-label\">\n\t\t\t\n\n<p>Lorsque les sangles sont correctement r\u00e9gl\u00e9es, le chien ne peut pas atteindre le Yoyolino\u00ae SP et le d\u00e9truire.<\/p>\n\n\t\t<\/div>\n\t<\/div>\n\t\n\t<div id=\"accordion-1798961622\" class=\"accordion-item\">\n\t\t<a id=\"accordion-1798961622-label\" class=\"accordion-title plain\" href=\"#accordion-item-peut-on-placer-le-yoyolino\u00ae-sp-sur-un-chien-qui-porte-d\u00e9j\u00e0-un-harnais-classique-sur-lui-?\" aria-expanded=\"false\" aria-controls=\"accordion-1798961622-content\">\n\t\t\t<button class=\"toggle\" aria-label=\"Basculer\"><i class=\"icon-angle-down\" aria-hidden=\"true\"><\/i><\/button>\n\t\t\t<span>Peut-on placer le Yoyolino\u00ae SP sur un chien qui porte d\u00e9j\u00e0 un harnais classique sur lui ?<\/span>\n\t\t<\/a>\n\t\t<div id=\"accordion-1798961622-content\" class=\"accordion-inner\" aria-labelledby=\"accordion-1798961622-label\">\n\t\t\t\n\n<p>Oui, c&rsquo;est possible, ainsi que sur un manteau.<\/p>\n\n\t\t<\/div>\n\t<\/div>\n\t\n\t<div id=\"accordion-1064658854\" class=\"accordion-item\">\n\t\t<a id=\"accordion-1064658854-label\" class=\"accordion-title plain\" href=\"#accordion-item-le-chien-peut-il-garder-son-collier-lors-de-la-mise-en-place-du-yoyolino\u00ae-sp-?\" aria-expanded=\"false\" aria-controls=\"accordion-1064658854-content\">\n\t\t\t<button class=\"toggle\" aria-label=\"Basculer\"><i class=\"icon-angle-down\" aria-hidden=\"true\"><\/i><\/button>\n\t\t\t<span>Le chien peut-il garder son collier lors de la mise en place du Yoyolino\u00ae SP ?<\/span>\n\t\t<\/a>\n\t\t<div id=\"accordion-1064658854-content\" class=\"accordion-inner\" aria-labelledby=\"accordion-1064658854-label\">\n\t\t\t\n\n<p>Oui, le Yoyolino\u00ae SP est compatible avec le port d&rsquo;un collier.<\/p>\n\n\t\t<\/div>\n\t<\/div>\n\t\n\t<div id=\"accordion-2515278192\" class=\"accordion-item\">\n\t\t<a id=\"accordion-2515278192-label\" class=\"accordion-title plain\" href=\"#accordion-item-y-a-t-il-des-contre-indications-d&#039;ordre-m\u00e9dicales-\u00e0-l&#039;emploi-du-yoyolino\u00ae-sp-?\" aria-expanded=\"false\" aria-controls=\"accordion-2515278192-content\">\n\t\t\t<button class=\"toggle\" aria-label=\"Basculer\"><i class=\"icon-angle-down\" aria-hidden=\"true\"><\/i><\/button>\n\t\t\t<span>Y a-t-il des contre-indications d'ordre m\u00e9dicales \u00e0 l'emploi du Yoyolino\u00ae SP ?<\/span>\n\t\t<\/a>\n\t\t<div id=\"accordion-2515278192-content\" class=\"accordion-inner\" aria-labelledby=\"accordion-2515278192-label\">\n\t\t\t\n\n<p>Il n&rsquo;y a aucune contre-indication.<\/p>\n\n\t\t<\/div>\n\t<\/div>\n\t\n\t<div id=\"accordion-2620386493\" class=\"accordion-item\">\n\t\t<a id=\"accordion-2620386493-label\" class=\"accordion-title plain\" href=\"#accordion-item-peut-on-laisser-le-yoyolino\u00ae-sp-sur-son-chien-en-dehors-des-moments-de-promenade-?\" aria-expanded=\"false\" aria-controls=\"accordion-2620386493-content\">\n\t\t\t<button class=\"toggle\" aria-label=\"Basculer\"><i class=\"icon-angle-down\" aria-hidden=\"true\"><\/i><\/button>\n\t\t\t<span>Peut-on laisser le Yoyolino\u00ae SP sur son chien en dehors des moments de promenade ?<\/span>\n\t\t<\/a>\n\t\t<div id=\"accordion-2620386493-content\" class=\"accordion-inner\" aria-labelledby=\"accordion-2620386493-label\">\n\t\t\t\n\n<p>Oui, le Yoyolino\u00ae SP est confortable et permet \u00e0 l&rsquo;animal de conserver toutes ses capacit\u00e9s.<\/p>\n\n\t\t<\/div>\n\t<\/div>\n\t\n\t<div id=\"accordion-1273857867\" class=\"accordion-item\">\n\t\t<a id=\"accordion-1273857867-label\" class=\"accordion-title plain\" href=\"#accordion-item-peut-on-utiliser-le-yoyolino\u00ae-sp-lorsqu&#039;il-pleut-?\" aria-expanded=\"false\" aria-controls=\"accordion-1273857867-content\">\n\t\t\t<button class=\"toggle\" aria-label=\"Basculer\"><i class=\"icon-angle-down\" aria-hidden=\"true\"><\/i><\/button>\n\t\t\t<span>Peut-on utiliser le Yoyolino\u00ae SP lorsqu'il pleut ?<\/span>\n\t\t<\/a>\n\t\t<div id=\"accordion-1273857867-content\" class=\"accordion-inner\" aria-labelledby=\"accordion-1273857867-label\">\n\t\t\t\n\n<p>Oui, le Yoyolino\u00ae SP est r\u00e9sistant \u00e0 l&rsquo;eau et \u00e0 l&rsquo;humidit\u00e9.<\/p>\n\n\t\t<\/div>\n\t<\/div>\n\t\n\t<div id=\"accordion-2186147993\" class=\"accordion-item\">\n\t\t<a id=\"accordion-2186147993-label\" class=\"accordion-title plain\" href=\"#accordion-item-le-yoyolino\u00ae-sp-se-nettoie-t-il-facilement-?\" aria-expanded=\"false\" aria-controls=\"accordion-2186147993-content\">\n\t\t\t<button class=\"toggle\" aria-label=\"Basculer\"><i class=\"icon-angle-down\" aria-hidden=\"true\"><\/i><\/button>\n\t\t\t<span>Le Yoyolino\u00ae SP se nettoie-t-il facilement ?<\/span>\n\t\t<\/a>\n\t\t<div id=\"accordion-2186147993-content\" class=\"accordion-inner\" aria-labelledby=\"accordion-2186147993-label\">\n\t\t\t\n\n<p>Oui, il peut \u00eatre nettoy\u00e9 facilement avec de l&rsquo;eau savonneuse.<\/p>\n\n\t\t<\/div>\n\t<\/div>\n\t\n\t<div id=\"accordion-133859766\" class=\"accordion-item\">\n\t\t<a id=\"accordion-133859766-label\" class=\"accordion-title plain\" href=\"#accordion-item-une-erreur-de-mise-en-place-du-yoyolino\u00ae-sp-peut-elle-blesser-mon-chien-?\" aria-expanded=\"false\" aria-controls=\"accordion-133859766-content\">\n\t\t\t<button class=\"toggle\" aria-label=\"Basculer\"><i class=\"icon-angle-down\" aria-hidden=\"true\"><\/i><\/button>\n\t\t\t<span>Une erreur de mise en place du Yoyolino\u00ae SP peut-elle blesser mon chien ?<\/span>\n\t\t<\/a>\n\t\t<div id=\"accordion-133859766-content\" class=\"accordion-inner\" aria-labelledby=\"accordion-133859766-label\">\n\t\t\t\n\n<p>Non, le Yoyolino\u00ae SP ne peut pas blesser l&rsquo;animal, m\u00eame s&rsquo;il est mal install\u00e9. Il ne faut pas laisser les sangles trop l\u00e2ches, afin d&rsquo;\u00e9viter que le chien ne se d\u00e9gage du harnais.<\/p>\n\n\t\t<\/div>\n\t<\/div>\n\t\n\t<div id=\"accordion-3515737044\" class=\"accordion-item\">\n\t\t<a id=\"accordion-3515737044-label\" class=\"accordion-title plain\" href=\"#accordion-item-une-mauvaise-man\u0153uvre-durant-la-promenade-peut-elle-blesser-mon-chien-\u00e9quip\u00e9-d&#039;un-yoyolino\u00ae-sp-?\" aria-expanded=\"false\" aria-controls=\"accordion-3515737044-content\">\n\t\t\t<button class=\"toggle\" aria-label=\"Basculer\"><i class=\"icon-angle-down\" aria-hidden=\"true\"><\/i><\/button>\n\t\t\t<span>Une mauvaise man\u0153uvre durant la promenade peut-elle blesser mon chien \u00e9quip\u00e9 d'un Yoyolino\u00ae SP ?<\/span>\n\t\t<\/a>\n\t\t<div id=\"accordion-3515737044-content\" class=\"accordion-inner\" aria-labelledby=\"accordion-3515737044-label\">\n\t\t\t\n\n<p>Non, le Yoyolino\u00ae SP ne peut pas blesser l&rsquo;animal, m\u00eame s&rsquo;il est mal install\u00e9.<\/p>\n\n\t\t<\/div>\n\t<\/div>\n\t\n\t<div id=\"accordion-3474584446\" class=\"accordion-item\">\n\t\t<a id=\"accordion-3474584446-label\" class=\"accordion-title plain\" href=\"#accordion-item-le-yoyolino\u00ae-sp-reste-t-il-adapt\u00e9-lorsque-mon-chien-rencontre-un-autre-chien-?\" aria-expanded=\"false\" aria-controls=\"accordion-3474584446-content\">\n\t\t\t<button class=\"toggle\" aria-label=\"Basculer\"><i class=\"icon-angle-down\" aria-hidden=\"true\"><\/i><\/button>\n\t\t\t<span>Le Yoyolino\u00ae SP reste-t-il adapt\u00e9 lorsque mon chien rencontre un autre chien ?<\/span>\n\t\t<\/a>\n\t\t<div id=\"accordion-3474584446-content\" class=\"accordion-inner\" aria-labelledby=\"accordion-3474584446-label\">\n\t\t\t\n\n<p>Le chien porteur d&rsquo;un Yoyolino\u00ae SP garde toutes ses facult\u00e9s au contact d&rsquo;une autre chien.<\/p>\n\n\t\t<\/div>\n\t<\/div>\n\t\n\t<div id=\"accordion-3976016631\" class=\"accordion-item\">\n\t\t<a id=\"accordion-3976016631-label\" class=\"accordion-title plain\" href=\"#accordion-item-le-yoyolino\u00ae-sp-est-trop-petit-pour-mon-chien-de-tr\u00e8s-grande-race\" aria-expanded=\"false\" aria-controls=\"accordion-3976016631-content\">\n\t\t\t<button class=\"toggle\" aria-label=\"Basculer\"><i class=\"icon-angle-down\" aria-hidden=\"true\"><\/i><\/button>\n\t\t\t<span>Le YOYOLINO\u00ae SP est trop petit pour mon chien de tr\u00e8s grande race<\/span>\n\t\t<\/a>\n\t\t<div id=\"accordion-3976016631-content\" class=\"accordion-inner\" aria-labelledby=\"accordion-3976016631-label\">\n\t\t\t\n\n<p>Le Yoyolino\u00ae SP est pr\u00e9vu pour se r\u00e9gler au gabarit des chiens de 5 Kg \u00e0 plus de 80 Kg (sangles G + H : 170 cm max.).<\/p>\n<p>Au-dessus de l&rsquo;une de cette mesure, demander au SAV une extension gratuite.<\/p>\n\n\t\t<\/div>\n\t<\/div>\n\t\n\n<\/div>\n\n\t\t<\/div>\n\t\t\t\t\t<\/div>\n\n\t\n\n<\/div>\n<div class=\"row\"  id=\"row-281903861\">\n\n\n\t<div id=\"col-768423138\" class=\"col small-12 large-12\"  >\n\t\t\t\t<div class=\"col-inner\"  >\n\t\t\t\n\t\t\t\n\n<div class=\"container section-title-container\" ><h3 class=\"section-title section-title-normal\"><b aria-hidden=\"true\"><\/b><span class=\"section-title-main\" >Achat et garantie<\/span><b aria-hidden=\"true\"><\/b><\/h3><\/div>\n\n<div class=\"accordion\">\n\n\t<div id=\"accordion-621439364\" class=\"accordion-item\">\n\t\t<a id=\"accordion-621439364-label\" class=\"accordion-title plain\" href=\"#accordion-item-le-yoyolino\u00ae-sp-existe-t-il-dans-d&#039;autres-coloris-que-le-noir-?\" aria-expanded=\"false\" aria-controls=\"accordion-621439364-content\">\n\t\t\t<button class=\"toggle\" aria-label=\"Basculer\"><i class=\"icon-angle-down\" aria-hidden=\"true\"><\/i><\/button>\n\t\t\t<span>Le Yoyolino\u00ae SP existe-t-il dans d'autres coloris que le noir ?<\/span>\n\t\t<\/a>\n\t\t<div id=\"accordion-621439364-content\" class=\"accordion-inner\" aria-labelledby=\"accordion-621439364-label\">\n\t\t\t\n\n<p>Pour son lancement sur Indiegogo, il n&rsquo;est pas pr\u00e9vu d&rsquo;autre coloris. Ce design et cette couleur neutre s&rsquo;adapte \u00e0 tous les chiens.<\/p>\n\n\t\t<\/div>\n\t<\/div>\n\t\n\t<div id=\"accordion-1261265034\" class=\"accordion-item\">\n\t\t<a id=\"accordion-1261265034-label\" class=\"accordion-title plain\" href=\"#accordion-item-le-yoyolino\u00ae-sp-est-il-disponible-\u00e0-l&#039;achat-dans-tous-les-pays-?\" aria-expanded=\"false\" aria-controls=\"accordion-1261265034-content\">\n\t\t\t<button class=\"toggle\" aria-label=\"Basculer\"><i class=\"icon-angle-down\" aria-hidden=\"true\"><\/i><\/button>\n\t\t\t<span>Le Yoyolino\u00ae SP est-il disponible \u00e0 l'achat dans tous les pays ?<\/span>\n\t\t<\/a>\n\t\t<div id=\"accordion-1261265034-content\" class=\"accordion-inner\" aria-labelledby=\"accordion-1261265034-label\">\n\t\t\t\n\n<p>Oui, nous pouvons exp\u00e9dier le Yoyolino\u00ae SP dans le monde entier.<\/p>\n\n\t\t<\/div>\n\t<\/div>\n\t\n\t<div id=\"accordion-1798209488\" class=\"accordion-item\">\n\t\t<a id=\"accordion-1798209488-label\" class=\"accordion-title plain\" href=\"#accordion-item-quel-est-le-d\u00e9lai-d\u2019exp\u00e9dition-?\" aria-expanded=\"false\" aria-controls=\"accordion-1798209488-content\">\n\t\t\t<button class=\"toggle\" aria-label=\"Basculer\"><i class=\"icon-angle-down\" aria-hidden=\"true\"><\/i><\/button>\n\t\t\t<span>Quel est le d\u00e9lai d\u2019exp\u00e9dition ?<\/span>\n\t\t<\/a>\n\t\t<div id=\"accordion-1798209488-content\" class=\"accordion-inner\" aria-labelledby=\"accordion-1798209488-label\">\n\t\t\t\n\n<p>Quand le Yoyolino\u00ae SP sera en phase d&rsquo;exp\u00e9dition, les d\u00e9lais seront les suivants :<\/p>\n<ul>\n<li>pour l&rsquo;Europe, les USA, le Canada: environ 1 semaine.<\/li>\n<li>pour les autres pays: 2 \u00e0 3 semaines.<\/li>\n<\/ul>\n\n\t\t<\/div>\n\t<\/div>\n\t\n\t<div id=\"accordion-2606427728\" class=\"accordion-item\">\n\t\t<a id=\"accordion-2606427728-label\" class=\"accordion-title plain\" href=\"#accordion-item-\u00c0-combien-se-montent-les-frais-d\u2019exp\u00e9dition-?\" aria-expanded=\"false\" aria-controls=\"accordion-2606427728-content\">\n\t\t\t<button class=\"toggle\" aria-label=\"Basculer\"><i class=\"icon-angle-down\" aria-hidden=\"true\"><\/i><\/button>\n\t\t\t<span>\u00c0 combien se montent les frais d\u2019exp\u00e9dition ?<\/span>\n\t\t<\/a>\n\t\t<div id=\"accordion-2606427728-content\" class=\"accordion-inner\" aria-labelledby=\"accordion-2606427728-label\">\n\t\t\t\n\n<p>Les frais de port varient selon chaque pays.<\/p>\n\n\t\t<\/div>\n\t<\/div>\n\t\n\t<div id=\"accordion-482715971\" class=\"accordion-item\">\n\t\t<a id=\"accordion-482715971-label\" class=\"accordion-title plain\" href=\"#accordion-item-comment-contacter-le-service-client-?\" aria-expanded=\"false\" aria-controls=\"accordion-482715971-content\">\n\t\t\t<button class=\"toggle\" aria-label=\"Basculer\"><i class=\"icon-angle-down\" aria-hidden=\"true\"><\/i><\/button>\n\t\t\t<span>Comment contacter le service client ?<\/span>\n\t\t<\/a>\n\t\t<div id=\"accordion-482715971-content\" class=\"accordion-inner\" aria-labelledby=\"accordion-482715971-label\">\n\t\t\t\n\n<p>Vous pouvez nous contacter par notre formulaire de contact: <a href=\"https:\/\/fr.pipolino.com\/contact\/\">https:\/\/fr.pipolino.com\/contact\/<\/a><\/p>\n\n\t\t<\/div>\n\t<\/div>\n\t\n\t<div id=\"accordion-1700092772\" class=\"accordion-item\">\n\t\t<a id=\"accordion-1700092772-label\" class=\"accordion-title plain\" href=\"#accordion-item-comment-fonctionne-votre-offre-\u00ab1-mois-satisfait-ou-rembours\u00e9-\u00bb-?\" aria-expanded=\"false\" aria-controls=\"accordion-1700092772-content\">\n\t\t\t<button class=\"toggle\" aria-label=\"Basculer\"><i class=\"icon-angle-down\" aria-hidden=\"true\"><\/i><\/button>\n\t\t\t<span>Comment fonctionne votre offre \u00ab1 mois satisfait ou rembours\u00e9 \u00bb ?<\/span>\n\t\t<\/a>\n\t\t<div id=\"accordion-1700092772-content\" class=\"accordion-inner\" aria-labelledby=\"accordion-1700092772-label\">\n\t\t\t\n\n<p>Les frais de retour restent \u00e0 la charge de l\u2019acheteur : le remboursement est envoy\u00e9 d\u00e8s r\u00e9ception de l\u2019appareil \u00e0 l\u2019\u00e9tat neuf dans son emballage d\u2019origine non d\u00e9t\u00e9rior\u00e9. Dans le cas contraire, aucun remboursement ne pourra \u00eatre effectu\u00e9.<\/p>\n\n\t\t<\/div>\n\t<\/div>\n\t\n\t<div id=\"accordion-1912990681\" class=\"accordion-item\">\n\t\t<a id=\"accordion-1912990681-label\" class=\"accordion-title plain\" href=\"#accordion-item-quels-sont-les-conditions-de-votre-\u00ab-garantie-2-ans,-pi\u00e8ces-et-main-d\u2019\u0153uvre-\u00bb-?\" aria-expanded=\"false\" aria-controls=\"accordion-1912990681-content\">\n\t\t\t<button class=\"toggle\" aria-label=\"Basculer\"><i class=\"icon-angle-down\" aria-hidden=\"true\"><\/i><\/button>\n\t\t\t<span>Quels sont les conditions de votre \u00ab garantie 2 ans, pi\u00e8ces et main d\u2019\u0153uvre \u00bb ?<\/span>\n\t\t<\/a>\n\t\t<div id=\"accordion-1912990681-content\" class=\"accordion-inner\" aria-labelledby=\"accordion-1912990681-label\">\n\t\t\t\n\n<p>Les frais de retour restent \u00e0 la charge du vendeur.<\/p>\n<p>La r\u00e9paration est gratuite pour tout d\u00e9faut de fonctionnement dans les conditions normales d\u2019utilisation et suivant le respect du mode d\u2019emploi.<\/p>\n\n\t\t<\/div>\n\t<\/div>\n\t\n\t<div id=\"accordion-1949111553\" class=\"accordion-item\">\n\t\t<a id=\"accordion-1949111553-label\" class=\"accordion-title plain\" href=\"#accordion-item-quels-sont-les-cas-o\u00f9-votre-\u00ab-garantie-2-ans-pi\u00e8ces-et-main-d\u2019\u0153uvre-\u00bb-n&#039;est-pas-applicable-?\" aria-expanded=\"false\" aria-controls=\"accordion-1949111553-content\">\n\t\t\t<button class=\"toggle\" aria-label=\"Basculer\"><i class=\"icon-angle-down\" aria-hidden=\"true\"><\/i><\/button>\n\t\t\t<span>Quels sont les cas o\u00f9 votre \u00ab garantie 2 ans pi\u00e8ces et main d\u2019\u0153uvre \u00bb n'est pas applicable ?<\/span>\n\t\t<\/a>\n\t\t<div id=\"accordion-1949111553-content\" class=\"accordion-inner\" aria-labelledby=\"accordion-1949111553-label\">\n\t\t\t\n\n<p>Si la panne r\u00e9sulte d&rsquo;un choc ou d&rsquo;un non-respect du mode d\u2019emploi, un devis de r\u00e9paration ou des conditions financi\u00e8res favorables \u00e0 l\u2019achat du nouveau Yoyolino\u00ae vous sera propos\u00e9.<\/p>\n\n\t\t<\/div>\n\t<\/div>\n\t\n\n<\/div>\n\n\t\t<\/div>\n\t\t\t\t\t<\/div>\n\n\t\n\n<\/div>\n\n","protected":false},"excerpt":{"rendered":"","protected":false},"author":1,"featured_media":6011,"parent":42,"menu_order":0,"comment_status":"closed","ping_status":"closed","template":"page-blank-featured.php","meta":{"footnotes":""},"class_list":["post-3516","page","type-page","status-publish","has-post-thumbnail","hentry"],"_links":{"self":[{"href":"https:\/\/www.pipolino.com\/fr\/wp-json\/wp\/v2\/pages\/3516","targetHints":{"allow":["GET"]}}],"collection":[{"href":"https:\/\/www.pipolino.com\/fr\/wp-json\/wp\/v2\/pages"}],"about":[{"href":"https:\/\/www.pipolino.com\/fr\/wp-json\/wp\/v2\/types\/page"}],"author":[{"embeddable":true,"href":"https:\/\/www.pipolino.com\/fr\/wp-json\/wp\/v2\/users\/1"}],"replies":[{"embeddable":true,"href":"https:\/\/www.pipolino.com\/fr\/wp-json\/wp\/v2\/comments?post=3516"}],"version-history":[{"count":0,"href":"https:\/\/www.pipolino.com\/fr\/wp-json\/wp\/v2\/pages\/3516\/revisions"}],"up":[{"embeddable":true,"href":"https:\/\/www.pipolino.com\/fr\/wp-json\/wp\/v2\/pages\/42"}],"wp:featuredmedia":[{"embeddable":true,"href":"https:\/\/www.pipolino.com\/fr\/wp-json\/wp\/v2\/media\/6011"}],"wp:attachment":[{"href":"https:\/\/www.pipolino.com\/fr\/wp-json\/wp\/v2\/media?parent=3516"}],"curies":[{"name":"wp","href":"https:\/\/api.w.org\/{rel}","templated":true}]}}