{"id":1655,"date":"2021-10-03T18:25:37","date_gmt":"2021-10-03T16:25:37","guid":{"rendered":"https:\/\/www.pipolino.com\/?page_id=1655"},"modified":"2022-03-08T20:39:04","modified_gmt":"2022-03-08T19:39:04","slug":"mode-demploi-du-pipolino-s-et-du-platolino","status":"publish","type":"page","link":"https:\/\/www.pipolino.com\/fr\/mode-demploi\/mode-demploi-du-pipolino-s-et-du-platolino\/","title":{"rendered":"Mode d&#8217;emploi du PIPOLINO\u00ae-S+ et du PLATOLINO\u00ae"},"content":{"rendered":"\n  <div id=\"page-header-634731431\" class=\"page-header-wrapper\">\n  <div class=\"page-title light divided-title\">\n\n    \n    <div class=\"page-title-inner container align-center flex-row medium-flex-wrap\" >\n              <div class=\"title-wrapper flex-col text-left medium-text-center\">\n          <h1 class=\"entry-title mb-0\">\n            Mode d&#8217;emploi du PIPOLINO\u00ae-S+ et du PLATOLINO\u00ae          <\/h1>\n        <\/div>\n                    <div class=\"title-content flex-col flex-right text-right medium-text-center\">\n        <div class=\"title-share pt-half pb-half\"><div class=\"social-icons share-icons share-row relative icon-style-outline\" ><a href=\"whatsapp:\/\/send?text=Mode%20d%26%238217%3Bemploi%20du%20PIPOLINO%C2%AE-S%2B%20et%20du%20PLATOLINO%C2%AE - https:\/\/www.pipolino.com\/fr\/mode-demploi\/mode-demploi-du-pipolino-s-et-du-platolino\/\" data-action=\"share\/whatsapp\/share\" class=\"icon button circle is-outline tooltip whatsapp show-for-medium\" title=\"Partager sur WhatsApp\" aria-label=\"Partager sur WhatsApp\"><i class=\"icon-whatsapp\" aria-hidden=\"true\"><\/i><\/a><a href=\"https:\/\/www.facebook.com\/sharer.php?u=https:\/\/www.pipolino.com\/fr\/mode-demploi\/mode-demploi-du-pipolino-s-et-du-platolino\/\" data-label=\"Facebook\" onclick=\"window.open(this.href,this.title,'width=500,height=500,top=300px,left=300px'); return false;\" target=\"_blank\" class=\"icon button circle is-outline tooltip facebook\" title=\"Partager sur Facebook\" aria-label=\"Partager sur Facebook\" rel=\"noopener nofollow\"><i class=\"icon-facebook\" aria-hidden=\"true\"><\/i><\/a><a href=\"https:\/\/twitter.com\/share?url=https:\/\/www.pipolino.com\/fr\/mode-demploi\/mode-demploi-du-pipolino-s-et-du-platolino\/\" onclick=\"window.open(this.href,this.title,'width=500,height=500,top=300px,left=300px'); return false;\" target=\"_blank\" class=\"icon button circle is-outline tooltip twitter\" title=\"Partager sur Twitter\" aria-label=\"Partager sur Twitter\" rel=\"noopener nofollow\"><i class=\"icon-twitter\" aria-hidden=\"true\"><\/i><\/a><a href=\"mailto:?subject=Mode%20d%26%238217%3Bemploi%20du%20PIPOLINO%C2%AE-S%2B%20et%20du%20PLATOLINO%C2%AE&body=Regarde%20%C3%A7a%3A%20https%3A%2F%2Fwww.pipolino.com%2Ffr%2Fmode-demploi%2Fmode-demploi-du-pipolino-s-et-du-platolino%2F\" class=\"icon button circle is-outline tooltip email\" title=\"Envoyer par mail\" aria-label=\"Envoyer par mail\" rel=\"nofollow\"><i class=\"icon-envelop\" aria-hidden=\"true\"><\/i><\/a><a href=\"https:\/\/pinterest.com\/pin\/create\/button?url=https:\/\/www.pipolino.com\/fr\/mode-demploi\/mode-demploi-du-pipolino-s-et-du-platolino\/&media&description=Mode%20d%26%238217%3Bemploi%20du%20PIPOLINO%C2%AE-S%2B%20et%20du%20PLATOLINO%C2%AE\" onclick=\"window.open(this.href,this.title,'width=500,height=500,top=300px,left=300px'); return false;\" target=\"_blank\" class=\"icon button circle is-outline tooltip pinterest\" title=\"Epingler sur Pinterest\" aria-label=\"Epingler sur Pinterest\" rel=\"noopener nofollow\"><i class=\"icon-pinterest\" aria-hidden=\"true\"><\/i><\/a><a href=\"https:\/\/tumblr.com\/widgets\/share\/tool?canonicalUrl=https:\/\/www.pipolino.com\/fr\/mode-demploi\/mode-demploi-du-pipolino-s-et-du-platolino\/\" target=\"_blank\" class=\"icon button circle is-outline tooltip tumblr\" onclick=\"window.open(this.href,this.title,'width=500,height=500,top=300px,left=300px'); return false;\" title=\"Partager sur Tumblr\" aria-label=\"Partager sur Tumblr\" rel=\"noopener nofollow\"><i class=\"icon-tumblr\" aria-hidden=\"true\"><\/i><\/a><\/div><\/div>      <\/div>\n    <\/div>\n\n       <\/div>\n  <div class=\"container header-wrapper-divider\"><hr\/><\/div>  <\/div>\n  \n\n\n\t<section class=\"section\" id=\"section_1278726902\">\n\t\t<div class=\"section-bg fill\" >\n\t\t\t\t\t\t\t\t\t\n\t\t\t\n\n\t\t<\/div>\n\n\t\t\n\n\t\t<div class=\"section-content relative\">\n\t\t\t\n\n<div class=\"container section-title-container\" ><h3 class=\"section-title section-title-normal\"><b aria-hidden=\"true\"><\/b><span class=\"section-title-main\" >Introduction<\/span><b aria-hidden=\"true\"><\/b><\/h3><\/div>\n\n<div class=\"row\"  id=\"row-1466578060\">\n\n\n\t<div id=\"col-1573718367\" class=\"col medium-6 small-12 large-6\"  >\n\t\t\t\t<div class=\"col-inner\"  >\n\t\t\t\n\t\t\t\n\n<p>Le <strong>PIPOLINO\u00ae-S+<\/strong> est un distributeur r\u00e9glable et mobile d\u2019aliments secs (croquettes, granul\u00e9s, graines\u2026) pour petits animaux de compagnie.<\/p>\n<p>Il a \u00e9t\u00e9 con\u00e7u par un <strong>V\u00e9t\u00e9rinaire<\/strong> dans un <strong>objectif de sant\u00e9 et de bien-\u00eatre<\/strong>, avec une approche naturelle et ludique.<br \/>Le <strong>PIPOLINO\u00ae<\/strong> est un outil sur mesure, utilisable selon les esp\u00e8ces : soit exclusivement (chiens, chats, furets), soit en r\u00e9gime alimentaire mixte, en compl\u00e9ment d\u2019une alimentation sp\u00e9cifique (rongeurs, lapins).<\/p>\n<p>Le <strong>PLATOLINO\u00ae<\/strong> est un plateau pour le Pipolino\u00ae, pour \u00e9viter la dispersion des croquettes<\/p>\n\n\n\t\t<\/div>\n\t\t\t\t\t<\/div>\n\n\t\n\n\t<div id=\"col-990341004\" class=\"col medium-6 small-12 large-6\"  >\n\t\t\t\t<div class=\"col-inner\"  >\n\t\t\t\n\t\t\t\n\n\t<div class=\"img has-hover x md-x lg-x y md-y lg-y\" id=\"image_370184597\">\n\t\t\t\t\t\t\t\t<div class=\"img-inner dark\" >\n\t\t\t\t\t\t\t\t\t\n\t\t\t\t\t<\/div>\n\t\t\t\t\t\t\t\t\n<style>\n#image_370184597 {\n  width: 100%;\n}\n<\/style>\n\t<\/div>\n\t\n\n\n\t\t<\/div>\n\t\t\t\t\t<\/div>\n\n\t\n\n<\/div>\n<div class=\"container section-title-container\" ><h3 class=\"section-title section-title-normal\"><b aria-hidden=\"true\"><\/b><span class=\"section-title-main\" >Premi\u00e8re utilisation<\/span><b aria-hidden=\"true\"><\/b><\/h3><\/div>\n\n<div class=\"row\"  id=\"row-461773742\">\n\n\n\t<div id=\"col-773252277\" class=\"col medium-6 small-12 large-6\"  >\n\t\t\t\t<div class=\"col-inner\"  >\n\t\t\t\n\t\t\t\n\n\t<div class=\"img has-hover x md-x lg-x y md-y lg-y\" id=\"image_1726611196\">\n\t\t\t\t\t\t\t\t<div class=\"img-inner image-cover dark\" style=\"padding-top:75%;\">\n\t\t\t<img loading=\"lazy\" decoding=\"async\" width=\"1020\" height=\"623\" src=\"https:\/\/www.pipolino.com\/wp-content\/uploads\/2018\/10\/Chaton-curieux-1024x625.jpg\" class=\"attachment-large size-large\" alt=\"\" srcset=\"https:\/\/www.pipolino.com\/wp-content\/uploads\/2018\/10\/Chaton-curieux-1024x625.jpg 1024w, https:\/\/www.pipolino.com\/wp-content\/uploads\/2018\/10\/Chaton-curieux-510x311.jpg 510w, https:\/\/www.pipolino.com\/wp-content\/uploads\/2018\/10\/Chaton-curieux-300x183.jpg 300w, https:\/\/www.pipolino.com\/wp-content\/uploads\/2018\/10\/Chaton-curieux-768x468.jpg 768w, https:\/\/www.pipolino.com\/wp-content\/uploads\/2018\/10\/Chaton-curieux-830x506.jpg 830w, https:\/\/www.pipolino.com\/wp-content\/uploads\/2018\/10\/Chaton-curieux-230x140.jpg 230w, https:\/\/www.pipolino.com\/wp-content\/uploads\/2018\/10\/Chaton-curieux-350x213.jpg 350w, https:\/\/www.pipolino.com\/wp-content\/uploads\/2018\/10\/Chaton-curieux-480x293.jpg 480w, https:\/\/www.pipolino.com\/wp-content\/uploads\/2018\/10\/Chaton-curieux.jpg 1920w\" sizes=\"auto, (max-width: 1020px) 100vw, 1020px\" \/>\t\t\t\t\t\t\n\t\t\t\t\t<\/div>\n\t\t\t\t\t\t\t\t\n<style>\n#image_1726611196 {\n  width: 100%;\n}\n<\/style>\n\t<\/div>\n\t\n\n\n\t\t<\/div>\n\t\t\t\t\t<\/div>\n\n\t\n\n\t<div id=\"col-149198967\" class=\"col medium-6 small-12 large-6\"  >\n\t\t\t\t<div class=\"col-inner\"  >\n\t\t\t\n\t\t\t\n\n\t<div class=\"img has-hover x md-x lg-x y md-y lg-y\" id=\"image_300628820\">\n\t\t\t\t\t\t\t\t<div class=\"img-inner image-cover dark\" style=\"padding-top:75%;\">\n\t\t\t<img loading=\"lazy\" decoding=\"async\" width=\"966\" height=\"800\" src=\"https:\/\/www.pipolino.com\/wp-content\/uploads\/2018\/10\/chiot-1024x848.jpg\" class=\"attachment-large size-large\" alt=\"\" srcset=\"https:\/\/www.pipolino.com\/wp-content\/uploads\/2018\/10\/chiot-1024x848.jpg 1024w, https:\/\/www.pipolino.com\/wp-content\/uploads\/2018\/10\/chiot-510x422.jpg 510w, https:\/\/www.pipolino.com\/wp-content\/uploads\/2018\/10\/chiot-300x248.jpg 300w, https:\/\/www.pipolino.com\/wp-content\/uploads\/2018\/10\/chiot-768x636.jpg 768w, https:\/\/www.pipolino.com\/wp-content\/uploads\/2018\/10\/chiot-830x687.jpg 830w, https:\/\/www.pipolino.com\/wp-content\/uploads\/2018\/10\/chiot-230x191.jpg 230w, https:\/\/www.pipolino.com\/wp-content\/uploads\/2018\/10\/chiot-350x290.jpg 350w, https:\/\/www.pipolino.com\/wp-content\/uploads\/2018\/10\/chiot-480x398.jpg 480w, https:\/\/www.pipolino.com\/wp-content\/uploads\/2018\/10\/chiot.jpg 1322w\" sizes=\"auto, (max-width: 966px) 100vw, 966px\" \/>\t\t\t\t\t\t\n\t\t\t\t\t<\/div>\n\t\t\t\t\t\t\t\t\n<style>\n#image_300628820 {\n  width: 100%;\n}\n<\/style>\n\t<\/div>\n\t\n\n\n\t\t<\/div>\n\t\t\t\t\t<\/div>\n\n\t\n\n<\/div>\n<div class=\"row\"  id=\"row-516901702\">\n\n\n\t<div id=\"col-1480807389\" class=\"col small-12 large-12\"  >\n\t\t\t\t<div class=\"col-inner\"  >\n\t\t\t\n\t\t\t\n\n<p>Pour obtenir <strong>le plein effet<\/strong>, supprimer toutes autres sources de nourriture (retrait des bols) et <strong>ne donner aucune friandise<\/strong> durant la p\u00e9riode d\u2019initiation (l\u2019animal <strong>doit avoir faim<\/strong> pour utiliser l\u2019appareil).<\/p>\n<ul>\n<li>A l\u2019heure habituelle du repas (le chien doit avoir suffisamment faim pour utiliser l\u2019appareil), remplir le <strong>PIPOLINO\u00ae<\/strong> avec la ration de croquettes habituelle.<\/li>\n<li>Refermer et verrouiller le couvercle.<\/li>\n<\/ul>\n\n\t<div class=\"img has-hover x md-x lg-x y md-y lg-y\" id=\"image_398737647\">\n\t\t\t\t\t\t\t\t<div class=\"img-inner dark\" >\n\t\t\t<img loading=\"lazy\" decoding=\"async\" width=\"1020\" height=\"237\" src=\"https:\/\/www.pipolino.com\/wp-content\/uploads\/2021\/10\/NoticePipolinoSPlusPlatolino-Complet-123-1024x238.jpg\" class=\"attachment-large size-large\" alt=\"\" srcset=\"https:\/\/www.pipolino.com\/wp-content\/uploads\/2021\/10\/NoticePipolinoSPlusPlatolino-Complet-123-1024x238.jpg 1024w, https:\/\/www.pipolino.com\/wp-content\/uploads\/2021\/10\/NoticePipolinoSPlusPlatolino-Complet-123-510x118.jpg 510w, https:\/\/www.pipolino.com\/wp-content\/uploads\/2021\/10\/NoticePipolinoSPlusPlatolino-Complet-123-300x70.jpg 300w, https:\/\/www.pipolino.com\/wp-content\/uploads\/2021\/10\/NoticePipolinoSPlusPlatolino-Complet-123-768x178.jpg 768w, https:\/\/www.pipolino.com\/wp-content\/uploads\/2021\/10\/NoticePipolinoSPlusPlatolino-Complet-123-1536x356.jpg 1536w, https:\/\/www.pipolino.com\/wp-content\/uploads\/2021\/10\/NoticePipolinoSPlusPlatolino-Complet-123-2048x475.jpg 2048w, https:\/\/www.pipolino.com\/wp-content\/uploads\/2021\/10\/NoticePipolinoSPlusPlatolino-Complet-123-830x193.jpg 830w, https:\/\/www.pipolino.com\/wp-content\/uploads\/2021\/10\/NoticePipolinoSPlusPlatolino-Complet-123-230x53.jpg 230w, https:\/\/www.pipolino.com\/wp-content\/uploads\/2021\/10\/NoticePipolinoSPlusPlatolino-Complet-123-350x81.jpg 350w, https:\/\/www.pipolino.com\/wp-content\/uploads\/2021\/10\/NoticePipolinoSPlusPlatolino-Complet-123-480x111.jpg 480w\" sizes=\"auto, (max-width: 1020px) 100vw, 1020px\" \/>\t\t\t\t\t\t\n\t\t\t\t\t<\/div>\n\t\t\t\t\t\t\t\t\n<style>\n#image_398737647 {\n  width: 100%;\n}\n<\/style>\n\t<\/div>\n\t\n\n<ul>\n<li>R\u00e9gler le d\u00e9bit au maximum: faire coulisser le cylindre ext\u00e9rieur et pivoter les extr\u00e9mit\u00e9s du <strong>PIPOLINO\u00ae<\/strong> de fa\u00e7on \u00e0 avoir la plus grand ouverture pour la nourriture.<\/li>\n<li>Poser le <strong>PIPOLINO\u00ae<\/strong> \u00e0 proximit\u00e9 de l\u2019endroit o\u00f9 se trouvait habituellement sa gamelle ou son bol\n<ul>\n<li>sur le <strong>PLATOLINO\u00ae<\/strong><\/li>\n<li>ou au sol, une extr\u00e9mit\u00e9 contre un mur, l\u2019autre extr\u00e9mit\u00e9 \u00e0 quelques cm du mur.<\/li>\n<\/ul>\n<\/li>\n<li>D\u00e9poser quelques croquettes entre le <strong>PIPOLINO\u00ae<\/strong> et le mur ou sur le <strong>PLATOLINO\u00ae<\/strong>.<\/li>\n<\/ul>\n\n\t<div class=\"img has-hover x md-x lg-x y md-y lg-y\" id=\"image_205310719\">\n\t\t\t\t\t\t\t\t<div class=\"img-inner dark\" >\n\t\t\t<img loading=\"lazy\" decoding=\"async\" width=\"1020\" height=\"237\" src=\"https:\/\/www.pipolino.com\/wp-content\/uploads\/2021\/10\/NoticePipolinoSPlusPlatolino-Complet-456-1024x238.jpg\" class=\"attachment-large size-large\" alt=\"\" srcset=\"https:\/\/www.pipolino.com\/wp-content\/uploads\/2021\/10\/NoticePipolinoSPlusPlatolino-Complet-456-1024x238.jpg 1024w, https:\/\/www.pipolino.com\/wp-content\/uploads\/2021\/10\/NoticePipolinoSPlusPlatolino-Complet-456-510x118.jpg 510w, https:\/\/www.pipolino.com\/wp-content\/uploads\/2021\/10\/NoticePipolinoSPlusPlatolino-Complet-456-300x70.jpg 300w, https:\/\/www.pipolino.com\/wp-content\/uploads\/2021\/10\/NoticePipolinoSPlusPlatolino-Complet-456-768x178.jpg 768w, https:\/\/www.pipolino.com\/wp-content\/uploads\/2021\/10\/NoticePipolinoSPlusPlatolino-Complet-456-1536x356.jpg 1536w, https:\/\/www.pipolino.com\/wp-content\/uploads\/2021\/10\/NoticePipolinoSPlusPlatolino-Complet-456-2048x475.jpg 2048w, https:\/\/www.pipolino.com\/wp-content\/uploads\/2021\/10\/NoticePipolinoSPlusPlatolino-Complet-456-830x193.jpg 830w, https:\/\/www.pipolino.com\/wp-content\/uploads\/2021\/10\/NoticePipolinoSPlusPlatolino-Complet-456-230x53.jpg 230w, https:\/\/www.pipolino.com\/wp-content\/uploads\/2021\/10\/NoticePipolinoSPlusPlatolino-Complet-456-350x81.jpg 350w, https:\/\/www.pipolino.com\/wp-content\/uploads\/2021\/10\/NoticePipolinoSPlusPlatolino-Complet-456-480x111.jpg 480w\" sizes=\"auto, (max-width: 1020px) 100vw, 1020px\" \/>\t\t\t\t\t\t\n\t\t\t\t\t<\/div>\n\t\t\t\t\t\t\t\t\n<style>\n#image_205310719 {\n  width: 100%;\n}\n<\/style>\n\t<\/div>\n\t\n\n<ul>\n<li>Attendez qu\u2019il vienne de lui-m\u00eame chercher les croquettes et d\u00e9place le <strong>PIPOLINO\u00ae<\/strong>.<\/li>\n<li>Lors des repas suivant, rechercher progressivement le d\u00e9bit le plus faible pour permettre \u00e0 l\u2019animal d\u2019atteindre la sati\u00e9t\u00e9 avec une occupation maximale.<\/li>\n<li>A la fin de la p\u00e9riode d\u2019adaptation, s\u2019il reste des croquettes non consomm\u00e9es au sol, diminuer rapidement le nombre d\u2019ouvertures. Ensuite, compl\u00e9ter le <strong>PIPOLINO\u00ae<\/strong>. Si le <strong>PIPOLINO\u00ae<\/strong> est laiss\u00e9 en permanence, le compl\u00e9ter avant qu\u2019il ne soit vide, le soir de pr\u00e9f\u00e9rence.<\/li>\n<\/ul>\n\n\t<div class=\"img has-hover x md-x lg-x y md-y lg-y\" id=\"image_381227123\">\n\t\t\t\t\t\t\t\t<div class=\"img-inner dark\" >\n\t\t\t<img loading=\"lazy\" decoding=\"async\" width=\"1020\" height=\"237\" src=\"https:\/\/www.pipolino.com\/wp-content\/uploads\/2021\/10\/NoticePipolinoSPlusPlatolino-Complet-789-1024x238.jpg\" class=\"attachment-large size-large\" alt=\"\" srcset=\"https:\/\/www.pipolino.com\/wp-content\/uploads\/2021\/10\/NoticePipolinoSPlusPlatolino-Complet-789-1024x238.jpg 1024w, https:\/\/www.pipolino.com\/wp-content\/uploads\/2021\/10\/NoticePipolinoSPlusPlatolino-Complet-789-510x118.jpg 510w, https:\/\/www.pipolino.com\/wp-content\/uploads\/2021\/10\/NoticePipolinoSPlusPlatolino-Complet-789-300x70.jpg 300w, https:\/\/www.pipolino.com\/wp-content\/uploads\/2021\/10\/NoticePipolinoSPlusPlatolino-Complet-789-768x178.jpg 768w, https:\/\/www.pipolino.com\/wp-content\/uploads\/2021\/10\/NoticePipolinoSPlusPlatolino-Complet-789-1536x356.jpg 1536w, https:\/\/www.pipolino.com\/wp-content\/uploads\/2021\/10\/NoticePipolinoSPlusPlatolino-Complet-789-2048x475.jpg 2048w, https:\/\/www.pipolino.com\/wp-content\/uploads\/2021\/10\/NoticePipolinoSPlusPlatolino-Complet-789-830x193.jpg 830w, https:\/\/www.pipolino.com\/wp-content\/uploads\/2021\/10\/NoticePipolinoSPlusPlatolino-Complet-789-230x53.jpg 230w, https:\/\/www.pipolino.com\/wp-content\/uploads\/2021\/10\/NoticePipolinoSPlusPlatolino-Complet-789-350x81.jpg 350w, https:\/\/www.pipolino.com\/wp-content\/uploads\/2021\/10\/NoticePipolinoSPlusPlatolino-Complet-789-480x111.jpg 480w\" sizes=\"auto, (max-width: 1020px) 100vw, 1020px\" \/>\t\t\t\t\t\t\n\t\t\t\t\t<\/div>\n\t\t\t\t\t\t\t\t\n<style>\n#image_381227123 {\n  width: 100%;\n}\n<\/style>\n\t<\/div>\n\t\n\n<div class=\"container section-title-container\" ><h3 class=\"section-title section-title-normal\"><b aria-hidden=\"true\"><\/b><span class=\"section-title-main\" >Conseils et restrictions<\/span><b aria-hidden=\"true\"><\/b><\/h3><\/div>\n\n<div class=\"row\"  id=\"row-982765378\">\n\n\n\t<div id=\"col-1655542898\" class=\"col small-12 large-12\"  >\n\t\t\t\t<div class=\"col-inner\" style=\"background-color:rgb(255, 243, 205);\" >\n\t\t\t\n\t\t\t\n\n\n\t\t<div class=\"icon-box featured-box icon-box-left text-left\"  >\n\t\t\t\t\t<div class=\"icon-box-img\" style=\"width: 60px\">\n\t\t\t\t<div class=\"icon\">\n\t\t\t\t\t<div class=\"icon-inner\" style=\"color:rgb(77, 77, 77);\">\n\t\t\t\t\t\t<svg xmlns=\"http:\/\/www.w3.org\/2000\/svg\" viewBox=\"0 0 512 512\"><!--! Font Awesome Pro 6.0.0 by @fontawesome - https:\/\/fontawesome.com License - https:\/\/fontawesome.com\/license (Commercial License) Copyright 2022 Fonticons, Inc. --><path d=\"M506.3 417l-213.3-364c-16.33-28-57.54-28-73.98 0l-213.2 364C-10.59 444.9 9.849 480 42.74 480h426.6C502.1 480 522.6 445 506.3 417zM232 168c0-13.25 10.75-24 24-24S280 154.8 280 168v128c0 13.25-10.75 24-23.1 24S232 309.3 232 296V168zM256 416c-17.36 0-31.44-14.08-31.44-31.44c0-17.36 14.07-31.44 31.44-31.44s31.44 14.08 31.44 31.44C287.4 401.9 273.4 416 256 416z\"\/><\/svg>\t\t\t\t\t<\/div>\n\t\t\t\t<\/div>\n\t\t\t<\/div>\n\t\t\t\t<div class=\"icon-box-text last-reset\">\n\t\t\t\t\t\t\t\t\t\n\n\t<div id=\"text-3346766977\" class=\"text\">\n\t\t\n\n<p>La Soci\u00e9t\u00e9 <strong>PIPOLINO d\u00e9cline toute responsabilit\u00e9<\/strong> pour tout dommage ayant pour origine le non-respect de ce mode d\u2018emploi.<\/p>\n\n\t\t\n<style>\n#text-3346766977 {\n  color: rgb(77, 77, 77);\n}\n#text-3346766977 > * {\n  color: rgb(77, 77, 77);\n}\n<\/style>\n\t<\/div>\n\t\n\n\t\t<\/div>\n\t<\/div>\n\t\n\t\n\n\t\t<\/div>\n\t\t\t\t\n<style>\n#col-1655542898 > .col-inner {\n  padding: 20px 20px 20px 20px;\n  border-radius: 20px;\n}\n<\/style>\n\t<\/div>\n\n\t\n\n<\/div>\n\n\t\t<\/div>\n\t\t\t\t\t<\/div>\n\n\t\n\n<\/div>\n<div class=\"row\"  id=\"row-667303665\">\n\n\n\t<div id=\"col-846601789\" class=\"col medium-6 small-12 large-6\"  >\n\t\t\t\t<div class=\"col-inner\"  >\n\t\t\t\n\t\t\t\n\n<h3>Conseils<\/h3>\n<p>Le<strong> PIPOLINO\u00ae<\/strong> est utilisable avec n\u2019importe quel type de croquettes ou granul\u00e9s d\u2019un diam\u00e8tre inf\u00e9rieur ou \u00e9gal \u00e0 <strong>11 mm.<\/strong><\/p>\n<p>Pour fonctionner de fa\u00e7on optimale, le<strong> PIPOLINO\u00ae<\/strong> doit \u00eatre pos\u00e9 sur une surface <strong>plane et lisse<\/strong>, comme un carrelage, \u00e0 l\u2019int\u00e9rieur ou \u00e0 l\u2019ext\u00e9rieur (terrasse).<\/p>\n<p>Vous pouvez d\u00e9limiter un p\u00e9rim\u00e8tre d\u2019utilisation de fa\u00e7on \u00e0 limiter le d\u00e9placement, ou placer le<strong> PIPOLINO\u00ae<\/strong> dans un bac rectangulaire (longueur&gt; 30 cm ; largeur &gt; 20 cm ; hauteur : 5 \u00e0 15 cm) ; <strong>veiller \u00e0 ce que l\u2019appareil de tombe pas d\u2019une hauteur.<\/strong><\/p>\n<p>Pour les animaux affaiblis ou trop maigres, r\u00e9gler le d\u00e9bit de fa\u00e7on \u00e0 limiter le temps d\u2019ingestion pour favoriser la r\u00e9cup\u00e9ration (position de r\u00e9glage sur 8 pendant quelques jours, puis 2 ; a adapter selon chaque situation).<\/p>\n\n\n\t\t<\/div>\n\t\t\t\t\t<\/div>\n\n\t\n\n\t<div id=\"col-1258431878\" class=\"col medium-6 small-12 large-6\"  >\n\t\t\t\t<div class=\"col-inner\"  >\n\t\t\t\n\t\t\t\n\n<h3>Gestation et la lactation<\/h3>\n<p>Le rythme des repas et leur dur\u00e9e ne doit pas \u00eatre limit\u00e9e pendant la gestation et la lactation. Seule, la quantit\u00e9 (et ou la qualit\u00e9) doit \u00eatre augment\u00e9e pendant la lactation (et suivant le nombre de chiots) par rapport aux consommations habituelles.<\/p>\n<h3>Restrictions<\/h3>\n<ul>\n<li>Ne pas laisser de jeunes enfants jouer avec le<strong> PIPOLINO\u00ae<\/strong>.<\/li>\n<li>Ne pas introduire d\u2019aliment humidifi\u00e9 \u00e0 l\u2019int\u00e9rieur de l\u2019appareil et ne pas utiliser l\u2019appareil sous la pluie, sur du verglas ou dans la neige.<\/li>\n<li>Ne pas utiliser le<strong> PIPOLINO\u00ae<\/strong> sur du gravier ou sur un sol recouvert de d\u00e9bris.<\/li>\n<li>Ne pas utiliser le<strong> PIPOLINO\u00ae<\/strong> en cas d\u2019un trouble brutal et d\u2019apparence inexpliqu\u00e9 de la locomotion. Consulter rapidement votre V\u00e9t\u00e9rinaire.<\/li>\n<li>Ne pas utiliser le<strong> PIPOLINO\u00ae<\/strong> avec un animal aveugle, paralys\u00e9 ou bless\u00e9.<\/li>\n<\/ul>\n\n\n\t\t<\/div>\n\t\t\t\t\t<\/div>\n\n\t\n\n<\/div>\n<div class=\"row\"  id=\"row-1656264677\">\n\n\n\t<div id=\"col-224540662\" class=\"col small-12 large-12\"  >\n\t\t\t\t<div class=\"col-inner\"  >\n\t\t\t\n\t\t\t\n\n<h3>Particularit\u00e9s concernant le CHIEN<\/h3>\n\n\n\t\t<\/div>\n\t\t\t\t\t<\/div>\n\n\t\n\n<\/div>\n<div class=\"row\"  id=\"row-1821939812\">\n\n\n\t<div id=\"col-2028429178\" class=\"col medium-4 small-12 large-4\"  >\n\t\t\t\t<div class=\"col-inner\"  >\n\t\t\t\n\t\t\t\n\n\t<div class=\"img has-hover x md-x lg-x y md-y lg-y\" id=\"image_499840152\">\n\t\t\t\t\t\t\t\t<div class=\"img-inner dark\" >\n\t\t\t<img loading=\"lazy\" decoding=\"async\" width=\"534\" height=\"800\" src=\"https:\/\/www.pipolino.com\/wp-content\/uploads\/2018\/10\/labrador_vincent-van-zalinge-684x1024.jpg\" class=\"attachment-large size-large\" alt=\"\" srcset=\"https:\/\/www.pipolino.com\/wp-content\/uploads\/2018\/10\/labrador_vincent-van-zalinge-684x1024.jpg 684w, https:\/\/www.pipolino.com\/wp-content\/uploads\/2018\/10\/labrador_vincent-van-zalinge-scaled-510x764.jpg 510w, https:\/\/www.pipolino.com\/wp-content\/uploads\/2018\/10\/labrador_vincent-van-zalinge-200x300.jpg 200w, https:\/\/www.pipolino.com\/wp-content\/uploads\/2018\/10\/labrador_vincent-van-zalinge-768x1151.jpg 768w, https:\/\/www.pipolino.com\/wp-content\/uploads\/2018\/10\/labrador_vincent-van-zalinge-830x1243.jpg 830w, https:\/\/www.pipolino.com\/wp-content\/uploads\/2018\/10\/labrador_vincent-van-zalinge-230x345.jpg 230w, https:\/\/www.pipolino.com\/wp-content\/uploads\/2018\/10\/labrador_vincent-van-zalinge-350x524.jpg 350w, https:\/\/www.pipolino.com\/wp-content\/uploads\/2018\/10\/labrador_vincent-van-zalinge-480x719.jpg 480w, https:\/\/www.pipolino.com\/wp-content\/uploads\/2018\/10\/labrador_vincent-van-zalinge-scaled.jpg 1709w\" sizes=\"auto, (max-width: 534px) 100vw, 534px\" \/>\t\t\t\t\t\t\n\t\t\t\t\t<\/div>\n\t\t\t\t\t\t\t\t\n<style>\n#image_499840152 {\n  width: 100%;\n}\n<\/style>\n\t<\/div>\n\t\n\n\n\t\t<\/div>\n\t\t\t\t\t<\/div>\n\n\t\n\n\t<div id=\"col-1414484061\" class=\"col medium-8 small-12 large-8\"  >\n\t\t\t\t<div class=\"col-inner\"  >\n\t\t\t\n\t\t\t\n\n<p>Le chien doit manger au calme, et dans un endroit ombrag\u00e9 pendant les p\u00e9riodes de fortes chaleurs, s\u2019il mange \u00e0 l\u2019ext\u00e9rieur.<\/p>\n<p>Une quantit\u00e9 trop importante de croquettes restant dans l\u2019appareil entraine plusieurs remarques : Les besoins de votre chien peuvent varier en fonction de l\u2019\u00e2ge, de la d\u00e9pense \u00e9nerg\u00e9tique, du mode de vie\u2026 avec atteinte d\u2019une sati\u00e9t\u00e9 naturelle. Adaptez la ration en cons\u00e9quence. Cela peut r\u00e9v\u00e9ler aussi une fatigue passag\u00e8re ou un souci de sant\u00e9. Pr\u00e9sentez quelques croquettes dans une gamelle pos\u00e9e au sol et observer votre chien. Selon sa r\u00e9action, augmenter le d\u00e9bit du<strong> PIPOLINO\u00ae<\/strong> pour les repas suivant, ou consulter votre v\u00e9t\u00e9rinaire.<\/p>\n<p>La digestion gastrique de votre chien est grandement facilit\u00e9e gr\u00e2ce \u00e0 l\u2019utilisation quotidienne du<strong> PIPOLINO\u00ae<\/strong>  cependant, les r\u00e8gles classiques de prudence doivent \u00eatre observ\u00e9es, \u00e0 savoir ne pas faire faire d\u2019effort intensif \u00e0 votre chien juste apr\u00e8s le repas, et observer si possible une p\u00e9riode de calme un peu avant le repas.<\/p>\n<p>Le<strong> PIPOLINO\u00ae<\/strong> va canaliser le comportement de votre chien en entra\u00eenant une d\u00e9pense d\u2019\u00e9nergie, plus ou moins importante selon chaque chien et chaque situation. Cela ne remplace pas les promenades et les rituels ludiques, indispensables pour son \u00e9quilibre. Veiller cependant \u00e0 l\u2019int\u00e9grer dans les activit\u00e9s que vous pratiquez avec votre chien afin d\u2019\u00e9viter toute sur-fatigue.<\/p>\n\n\n\t\t<\/div>\n\t\t\t\t\t<\/div>\n\n\t\n\n<\/div>\n\n\t\t<\/div>\n\n\t\t\n<style>\n#section_1278726902 {\n  padding-top: 30px;\n  padding-bottom: 30px;\n}\n<\/style>\n\t<\/section>\n\t\n\n","protected":false},"excerpt":{"rendered":"","protected":false},"author":1,"featured_media":0,"parent":42,"menu_order":0,"comment_status":"closed","ping_status":"closed","template":"elementor_header_footer","meta":{"footnotes":""},"class_list":["post-1655","page","type-page","status-publish","hentry"],"_links":{"self":[{"href":"https:\/\/www.pipolino.com\/fr\/wp-json\/wp\/v2\/pages\/1655","targetHints":{"allow":["GET"]}}],"collection":[{"href":"https:\/\/www.pipolino.com\/fr\/wp-json\/wp\/v2\/pages"}],"about":[{"href":"https:\/\/www.pipolino.com\/fr\/wp-json\/wp\/v2\/types\/page"}],"author":[{"embeddable":true,"href":"https:\/\/www.pipolino.com\/fr\/wp-json\/wp\/v2\/users\/1"}],"replies":[{"embeddable":true,"href":"https:\/\/www.pipolino.com\/fr\/wp-json\/wp\/v2\/comments?post=1655"}],"version-history":[{"count":0,"href":"https:\/\/www.pipolino.com\/fr\/wp-json\/wp\/v2\/pages\/1655\/revisions"}],"up":[{"embeddable":true,"href":"https:\/\/www.pipolino.com\/fr\/wp-json\/wp\/v2\/pages\/42"}],"wp:attachment":[{"href":"https:\/\/www.pipolino.com\/fr\/wp-json\/wp\/v2\/media?parent=1655"}],"curies":[{"name":"wp","href":"https:\/\/api.w.org\/{rel}","templated":true}]}}